{"id":129573,"date":"2025-10-30T03:46:09","date_gmt":"2025-10-30T00:46:09","guid":{"rendered":"https:\/\/kuansofis.com\/?post_type=product&#038;p=129573"},"modified":"2026-04-10T12:21:52","modified_gmt":"2026-04-10T09:21:52","slug":"long-socket-box","status":"publish","type":"product","link":"https:\/\/kuansofis.com\/en\/product\/aksesuarlar\/long-socket-box\/","title":{"rendered":"LONG SOCKET BOX"},"content":{"rendered":"<table style=\"width: 100%;\">\n<tbody>\n<tr style=\"text-align: center;\">\n<th style=\"text-align: center;\"><i class=\"fas fa-history\" style=\"font-size: 32px;\"><\/i><br \/>\n<span style=\"color: #0c3b5d;\">2-Year Warranty<\/span><\/th>\n<th style=\"text-align: center;\"><i class=\"fas fa-truck\" style=\"font-size: 32px;\"><\/i><br \/>\n<span style=\"color: #0c3b5d;\">Free Delivery<\/span><br \/>\n<span style=\"color: #0c3b5d;\">(Within Istanbul)<\/span><\/th>\n<th style=\"text-align: center;\"><i class=\"fas fa-tools\" style=\"font-size: 32px;\"><\/i><br \/>\n<span style=\"color: #0c3b5d;\">Free Installation<\/span><\/th>\n<th style=\"text-align: center;\"><i class=\"fa fa-palette\" style=\"font-size: 32px;\"><\/i><br \/>\n<span style=\"color: #0c3b5d;\"><a href=\"https:\/\/kuansofis.com\/en\/colour-chart\/\" target=\"_blank\" rel=\"noopener\">Colour Options<\/a><\/span><\/th>\n<\/tr>\n<\/tbody>\n<\/table>\n<h3><span style=\"color: #0c3b5d;\">Product Description<\/span><\/h3>\n<hr \/>\n<ul style=\"list-style-type: square;\">\n<li><span style=\"color: #0c3b5d;\">Offering a stylish and functional solution for modern offices, meeting rooms, and workspaces <strong data-start=\"412\" data-end=\"444\">Priz Kutusu<\/strong>, d\u00fczenli bir kablo y\u00f6netimi ve kolay g\u00fc\u00e7 eri\u015fimi sa\u011flar.<br data-start=\"501\" data-end=\"504\" \/><\/span><\/li>\n<li><span style=\"color: #0c3b5d;\">Thanks to its aluminum body, it is durable, long-lasting, and has an aesthetic appearance. <\/span><\/li>\n<li class=\"translation-block\"><span style=\"color: #0c3b5d\">The double-sided opening cover and the <strong data-start=\"613\" data-end=\"637\">brushed transition section<\/strong> on the cover allow cables to exit even when the socket box is closed; thus, the work area achieves a neat and professional appearance.<\/span><\/li>\n<li><span style=\"color: #0c3b5d;\">The modules inside the box can be changed according to demand.<\/span><\/li>\n<\/ul>\n<h3><span style=\"color: #0c3b5d;\">Payment &amp; Instalment Options<\/span><\/h3>\n<hr \/>\n<ul style=\"list-style-type: square;\">\n<li><span style=\"color: #0c3b5d;\">You can also make your order payments via bank transfer or EFT.<\/span><\/li>\n<li class=\"translation-block\"><span style=\"color: #0c3b5d\">For bank account details where you can make payments, <strong><a style=\"color: #0c3b5d\" href=\"https:\/\/kuansofis.com\/en\/bank-account-numbers\/\" target=\"_self\">click here.<\/a><\/strong><\/span><\/li>\n<li><span style=\"color: #0c3b5d;\">If you prefer to place your order by phone, payment by credit card can be accepted via mail order.<\/span><\/li>\n<li><span style=\"color: #0c3b5d;\">You can also place your order by telephone for payments made by bank transfer\/EFT.<\/span><\/li>\n<li><span style=\"color: #0c3b5d;\">For orders delivered within Istanbul, you can take advantage of free shipping and cash on delivery, allowing you to pay for your order in cash upon delivery.<\/span><\/li>\n<\/ul>","protected":false},"excerpt":{"rendered":"<p><strong>Standard Content:<\/strong><\/p>\n<ul>\n<li><strong>Power Outlet: 6 Units<\/strong><\/li>\n<li><strong>Cat6 (Data): 1 piece<\/strong><\/li>\n<li style=\"text-align: left;\"><strong>Cat3 (Tel): 1 Unit<\/strong><\/li>\n<li><strong>HDMI Input: 1<\/strong><\/li>\n<li><strong><strong><strong>USB Port: 1<\/strong><\/strong><\/strong><\/li>\n<\/ul>\n<ul>\n<li style=\"text-align: left;\">\n<blockquote><p>Internal modules can be changed as needed.<\/p>\n<p>Table cutting dimensions: 484*128 mm<\/p><\/blockquote>\n<\/li>\n<\/ul>","protected":false},"featured_media":129570,"comment_status":"open","ping_status":"closed","template":"","meta":{"_monsterinsights_skip_tracking":false,"_monsterinsights_sitenote_active":false,"_monsterinsights_sitenote_note":"","_monsterinsights_sitenote_category":0},"product_brand":[249],"product_cat":[134,431],"product_tag":[],"class_list":{"0":"post-129573","1":"product","2":"type-product","3":"status-publish","4":"has-post-thumbnail","6":"product_brand-socketline","7":"product_cat-aksesuarlar","8":"product_cat-ofis-mobilyalari","10":"first","11":"instock","12":"sale","13":"taxable","14":"shipping-taxable","15":"purchasable","16":"product-type-variable"},"_links":{"self":[{"href":"https:\/\/kuansofis.com\/en\/wp-json\/wp\/v2\/product\/129573","targetHints":{"allow":["GET"]}}],"collection":[{"href":"https:\/\/kuansofis.com\/en\/wp-json\/wp\/v2\/product"}],"about":[{"href":"https:\/\/kuansofis.com\/en\/wp-json\/wp\/v2\/types\/product"}],"replies":[{"embeddable":true,"href":"https:\/\/kuansofis.com\/en\/wp-json\/wp\/v2\/comments?post=129573"}],"version-history":[{"count":1,"href":"https:\/\/kuansofis.com\/en\/wp-json\/wp\/v2\/product\/129573\/revisions"}],"predecessor-version":[{"id":137406,"href":"https:\/\/kuansofis.com\/en\/wp-json\/wp\/v2\/product\/129573\/revisions\/137406"}],"wp:featuredmedia":[{"embeddable":true,"href":"https:\/\/kuansofis.com\/en\/wp-json\/wp\/v2\/media\/129570"}],"wp:attachment":[{"href":"https:\/\/kuansofis.com\/en\/wp-json\/wp\/v2\/media?parent=129573"}],"wp:term":[{"taxonomy":"product_brand","embeddable":true,"href":"https:\/\/kuansofis.com\/en\/wp-json\/wp\/v2\/product_brand?post=129573"},{"taxonomy":"product_cat","embeddable":true,"href":"https:\/\/kuansofis.com\/en\/wp-json\/wp\/v2\/product_cat?post=129573"},{"taxonomy":"product_tag","embeddable":true,"href":"https:\/\/kuansofis.com\/en\/wp-json\/wp\/v2\/product_tag?post=129573"}],"curies":[{"name":"wp","href":"https:\/\/api.w.org\/{rel}","templated":true}]}}