{"id":129823,"date":"2025-11-05T02:29:27","date_gmt":"2025-11-04T23:29:27","guid":{"rendered":"https:\/\/kuansofis.com\/yith-compare\/"},"modified":"2026-01-13T14:58:57","modified_gmt":"2026-01-13T11:58:57","slug":"yith-compare","status":"publish","type":"page","link":"https:\/\/kuansofis.com\/en\/yith-compare\/","title":{"rendered":"Kar\u015f\u0131la\u015ft\u0131r"},"content":{"rendered":"<p>[yith_woocompare_table]<\/p>\n","protected":false},"excerpt":{"rendered":"","protected":false},"author":1,"featured_media":0,"parent":0,"menu_order":0,"comment_status":"closed","ping_status":"closed","template":"","meta":{"_monsterinsights_skip_tracking":false,"_monsterinsights_sitenote_active":false,"_monsterinsights_sitenote_note":"","_monsterinsights_sitenote_category":0,"footnotes":""},"class_list":["post-129823","page","type-page","status-publish","hentry"],"_links":{"self":[{"href":"https:\/\/kuansofis.com\/en\/wp-json\/wp\/v2\/pages\/129823","targetHints":{"allow":["GET"]}}],"collection":[{"href":"https:\/\/kuansofis.com\/en\/wp-json\/wp\/v2\/pages"}],"about":[{"href":"https:\/\/kuansofis.com\/en\/wp-json\/wp\/v2\/types\/page"}],"author":[{"embeddable":true,"href":"https:\/\/kuansofis.com\/en\/wp-json\/wp\/v2\/users\/1"}],"replies":[{"embeddable":true,"href":"https:\/\/kuansofis.com\/en\/wp-json\/wp\/v2\/comments?post=129823"}],"version-history":[{"count":1,"href":"https:\/\/kuansofis.com\/en\/wp-json\/wp\/v2\/pages\/129823\/revisions"}],"predecessor-version":[{"id":137939,"href":"https:\/\/kuansofis.com\/en\/wp-json\/wp\/v2\/pages\/129823\/revisions\/137939"}],"wp:attachment":[{"href":"https:\/\/kuansofis.com\/en\/wp-json\/wp\/v2\/media?parent=129823"}],"curies":[{"name":"wp","href":"https:\/\/api.w.org\/{rel}","templated":true}]}}