{"id":11820,"date":"2025-02-11T14:03:33","date_gmt":"2025-02-11T11:03:33","guid":{"rendered":"https:\/\/kuansofis.com\/?page_id=11820"},"modified":"2025-11-17T17:18:05","modified_gmt":"2025-11-17T14:18:05","slug":"akbulut-rezidans-yoneticiligi","status":"publish","type":"page","link":"https:\/\/kuansofis.com\/en\/akbulut-rezidans-yoneticiligi\/","title":{"rendered":"AKBULUT REZ\u0130DANS Y\u00d6NET\u0130C\u0130L\u0130\u011e\u0130"},"content":{"rendered":"<div data-elementor-type=\"wp-page\" data-elementor-id=\"11820\" class=\"elementor elementor-11820\">\n\t\t\t\t\t\t<section class=\"elementor-section elementor-top-section elementor-element elementor-element-34f636d elementor-section-full_width elementor-section-stretched elementor-section-height-default elementor-section-height-default\" data-id=\"34f636d\" data-element_type=\"section\" data-settings=\"{&quot;stretch_section&quot;:&quot;section-stretched&quot;}\">\n\t\t\t\t\t\t<div class=\"elementor-container elementor-column-gap-no\">\n\t\t\t\t\t<div class=\"elementor-column elementor-col-100 elementor-top-column elementor-element elementor-element-f4c6b65\" data-id=\"f4c6b65\" data-element_type=\"column\">\n\t\t\t<div class=\"elementor-widget-wrap elementor-element-populated\">\n\t\t\t\t\t\t<div class=\"elementor-element elementor-element-b3315ce elementor-widget elementor-widget-elementskit-heading\" data-id=\"b3315ce\" data-element_type=\"widget\" data-widget_type=\"elementskit-heading.default\">\n\t\t\t\t<div class=\"elementor-widget-container\">\n\t\t\t<div class=\"ekit-wid-con\" ><div class=\"ekit-heading elementskit-section-title-wraper text_left   ekit_heading_tablet-   ekit_heading_mobile-\"><h2 class=\"ekit-heading--title elementskit-section-title\"><span><span>AKBULUT REZ\u0130DANS Y\u00d6NET\u0130C\u0130L\u0130\u011e\u0130<\/span><\/span><\/h2><div class=\"ekit_heading_separetor_wraper ekit_heading_elementskit-border-divider elementskit-style-long\"><div class=\"elementskit-border-divider elementskit-style-long\"><\/div><\/div><\/div><\/div>\t\t<\/div>\n\t\t\t\t<\/div>\n\t\t\t\t\t<\/div>\n\t\t<\/div>\n\t\t\t\t\t<\/div>\n\t\t<\/section>\n\t\t\t\t<section class=\"elementor-section elementor-top-section elementor-element elementor-element-0f2dca2 elementor-section-full_width elementor-section-stretched elementor-section-height-default elementor-section-height-default\" data-id=\"0f2dca2\" data-element_type=\"section\" data-settings=\"{&quot;stretch_section&quot;:&quot;section-stretched&quot;}\">\n\t\t\t\t\t\t<div class=\"elementor-container elementor-column-gap-no\">\n\t\t\t\t\t<div class=\"elementor-column elementor-col-100 elementor-top-column elementor-element elementor-element-9a81908\" data-id=\"9a81908\" data-element_type=\"column\">\n\t\t\t<div class=\"elementor-widget-wrap elementor-element-populated\">\n\t\t\t\t\t\t<div class=\"elementor-element elementor-element-67f1d59 gallery-spacing-custom elementor-widget elementor-widget-image-gallery\" data-id=\"67f1d59\" data-element_type=\"widget\" data-widget_type=\"image-gallery.default\">\n\t\t\t\t<div class=\"elementor-widget-container\">\n\t\t\t\t\t<div class=\"elementor-image-gallery\">\n\t\t\t<div id='gallery-1' class='gallery galleryid-11820 gallery-columns-3 gallery-size-full'><figure class='gallery-item'>\n\t\t\t<div class='gallery-icon landscape'>\n\t\t\t\t<a data-elementor-open-lightbox=\"yes\" data-elementor-lightbox-slideshow=\"67f1d59\" data-elementor-lightbox-title=\"akbulut_rezidans_yoneticiligi1\" data-e-action-hash=\"#elementor-action%3Aaction%3Dlightbox%26settings%3DeyJpZCI6MTE4MjMsInVybCI6Imh0dHBzOlwvXC9rdWFuc29maXMuY29tXC93cC1jb250ZW50XC91cGxvYWRzXC8yMDI1XC8wMlwvYWtidWx1dF9yZXppZGFuc195b25ldGljaWxpZ2kxLmpwZWciLCJzbGlkZXNob3ciOiI2N2YxZDU5In0%3D\" href='https:\/\/kuansofis.com\/wp-content\/uploads\/2025\/02\/akbulut_rezidans_yoneticiligi1.jpeg'><img fetchpriority=\"high\" decoding=\"async\" width=\"800\" height=\"600\" src=\"https:\/\/kuansofis.com\/wp-content\/uploads\/2025\/02\/akbulut_rezidans_yoneticiligi1.jpeg\" class=\"attachment-full size-full\" alt=\"\" srcset=\"https:\/\/kuansofis.com\/wp-content\/uploads\/2025\/02\/akbulut_rezidans_yoneticiligi1.jpeg 800w, https:\/\/kuansofis.com\/wp-content\/uploads\/2025\/02\/akbulut_rezidans_yoneticiligi1-300x225.jpeg 300w, https:\/\/kuansofis.com\/wp-content\/uploads\/2025\/02\/akbulut_rezidans_yoneticiligi1-768x576.jpeg 768w, https:\/\/kuansofis.com\/wp-content\/uploads\/2025\/02\/akbulut_rezidans_yoneticiligi1-600x450.jpeg 600w\" sizes=\"(max-width: 800px) 100vw, 800px\" \/><\/a>\n\t\t\t<\/div><\/figure><figure class='gallery-item'>\n\t\t\t<div class='gallery-icon landscape'>\n\t\t\t\t<a data-elementor-open-lightbox=\"yes\" data-elementor-lightbox-slideshow=\"67f1d59\" data-elementor-lightbox-title=\"akbulut_rezidans_yoneticiligi2\" data-e-action-hash=\"#elementor-action%3Aaction%3Dlightbox%26settings%3DeyJpZCI6MTE4MjQsInVybCI6Imh0dHBzOlwvXC9rdWFuc29maXMuY29tXC93cC1jb250ZW50XC91cGxvYWRzXC8yMDI1XC8wMlwvYWtidWx1dF9yZXppZGFuc195b25ldGljaWxpZ2kyLmpwZWciLCJzbGlkZXNob3ciOiI2N2YxZDU5In0%3D\" href='https:\/\/kuansofis.com\/wp-content\/uploads\/2025\/02\/akbulut_rezidans_yoneticiligi2.jpeg'><img decoding=\"async\" width=\"800\" height=\"600\" src=\"https:\/\/kuansofis.com\/wp-content\/uploads\/2025\/02\/akbulut_rezidans_yoneticiligi2.jpeg\" class=\"attachment-full size-full\" alt=\"\" srcset=\"https:\/\/kuansofis.com\/wp-content\/uploads\/2025\/02\/akbulut_rezidans_yoneticiligi2.jpeg 800w, https:\/\/kuansofis.com\/wp-content\/uploads\/2025\/02\/akbulut_rezidans_yoneticiligi2-300x225.jpeg 300w, https:\/\/kuansofis.com\/wp-content\/uploads\/2025\/02\/akbulut_rezidans_yoneticiligi2-768x576.jpeg 768w, https:\/\/kuansofis.com\/wp-content\/uploads\/2025\/02\/akbulut_rezidans_yoneticiligi2-600x450.jpeg 600w\" sizes=\"(max-width: 800px) 100vw, 800px\" \/><\/a>\n\t\t\t<\/div><\/figure><figure class='gallery-item'>\n\t\t\t<div class='gallery-icon landscape'>\n\t\t\t\t<a data-elementor-open-lightbox=\"yes\" data-elementor-lightbox-slideshow=\"67f1d59\" data-elementor-lightbox-title=\"akbulut_rezidans_yoneticiligi4\" data-e-action-hash=\"#elementor-action%3Aaction%3Dlightbox%26settings%3DeyJpZCI6MTE4MjYsInVybCI6Imh0dHBzOlwvXC9rdWFuc29maXMuY29tXC93cC1jb250ZW50XC91cGxvYWRzXC8yMDI1XC8wMlwvYWtidWx1dF9yZXppZGFuc195b25ldGljaWxpZ2k0LmpwZWciLCJzbGlkZXNob3ciOiI2N2YxZDU5In0%3D\" href='https:\/\/kuansofis.com\/wp-content\/uploads\/2025\/02\/akbulut_rezidans_yoneticiligi4.jpeg'><img decoding=\"async\" width=\"800\" height=\"600\" src=\"https:\/\/kuansofis.com\/wp-content\/uploads\/2025\/02\/akbulut_rezidans_yoneticiligi4.jpeg\" class=\"attachment-full size-full\" alt=\"\" srcset=\"https:\/\/kuansofis.com\/wp-content\/uploads\/2025\/02\/akbulut_rezidans_yoneticiligi4.jpeg 800w, https:\/\/kuansofis.com\/wp-content\/uploads\/2025\/02\/akbulut_rezidans_yoneticiligi4-300x225.jpeg 300w, https:\/\/kuansofis.com\/wp-content\/uploads\/2025\/02\/akbulut_rezidans_yoneticiligi4-768x576.jpeg 768w, https:\/\/kuansofis.com\/wp-content\/uploads\/2025\/02\/akbulut_rezidans_yoneticiligi4-600x450.jpeg 600w\" sizes=\"(max-width: 800px) 100vw, 800px\" \/><\/a>\n\t\t\t<\/div><\/figure><figure class='gallery-item'>\n\t\t\t<div class='gallery-icon portrait'>\n\t\t\t\t<a data-elementor-open-lightbox=\"yes\" data-elementor-lightbox-slideshow=\"67f1d59\" data-elementor-lightbox-title=\"akbulut_rezidans_yoneticiligi3\" data-e-action-hash=\"#elementor-action%3Aaction%3Dlightbox%26settings%3DeyJpZCI6MTE4MjUsInVybCI6Imh0dHBzOlwvXC9rdWFuc29maXMuY29tXC93cC1jb250ZW50XC91cGxvYWRzXC8yMDI1XC8wMlwvYWtidWx1dF9yZXppZGFuc195b25ldGljaWxpZ2kzLmpwZWciLCJzbGlkZXNob3ciOiI2N2YxZDU5In0%3D\" href='https:\/\/kuansofis.com\/wp-content\/uploads\/2025\/02\/akbulut_rezidans_yoneticiligi3.jpeg'><img loading=\"lazy\" decoding=\"async\" width=\"450\" height=\"600\" src=\"https:\/\/kuansofis.com\/wp-content\/uploads\/2025\/02\/akbulut_rezidans_yoneticiligi3.jpeg\" class=\"attachment-full size-full\" alt=\"\" srcset=\"https:\/\/kuansofis.com\/wp-content\/uploads\/2025\/02\/akbulut_rezidans_yoneticiligi3.jpeg 450w, https:\/\/kuansofis.com\/wp-content\/uploads\/2025\/02\/akbulut_rezidans_yoneticiligi3-225x300.jpeg 225w\" sizes=\"(max-width: 450px) 100vw, 450px\" \/><\/a>\n\t\t\t<\/div><\/figure><figure class='gallery-item'>\n\t\t\t<div class='gallery-icon portrait'>\n\t\t\t\t<a data-elementor-open-lightbox=\"yes\" data-elementor-lightbox-slideshow=\"67f1d59\" data-elementor-lightbox-title=\"akbulut_rezidans_yoneticiligi5\" data-e-action-hash=\"#elementor-action%3Aaction%3Dlightbox%26settings%3DeyJpZCI6MTE4MjcsInVybCI6Imh0dHBzOlwvXC9rdWFuc29maXMuY29tXC93cC1jb250ZW50XC91cGxvYWRzXC8yMDI1XC8wMlwvYWtidWx1dF9yZXppZGFuc195b25ldGljaWxpZ2k1LmpwZWciLCJzbGlkZXNob3ciOiI2N2YxZDU5In0%3D\" href='https:\/\/kuansofis.com\/wp-content\/uploads\/2025\/02\/akbulut_rezidans_yoneticiligi5.jpeg'><img loading=\"lazy\" decoding=\"async\" width=\"450\" height=\"600\" src=\"https:\/\/kuansofis.com\/wp-content\/uploads\/2025\/02\/akbulut_rezidans_yoneticiligi5.jpeg\" class=\"attachment-full size-full\" alt=\"\" srcset=\"https:\/\/kuansofis.com\/wp-content\/uploads\/2025\/02\/akbulut_rezidans_yoneticiligi5.jpeg 450w, https:\/\/kuansofis.com\/wp-content\/uploads\/2025\/02\/akbulut_rezidans_yoneticiligi5-225x300.jpeg 225w\" sizes=\"(max-width: 450px) 100vw, 450px\" \/><\/a>\n\t\t\t<\/div><\/figure>\n\t\t<\/div>\n\t\t<\/div>\n\t\t\t\t<\/div>\n\t\t\t\t<\/div>\n\t\t\t\t\t<\/div>\n\t\t<\/div>\n\t\t\t\t\t<\/div>\n\t\t<\/section>\n\t\t\t\t<\/div>","protected":false},"excerpt":{"rendered":"<p>AKBULUT REZ\u0130DANS Y\u00d6NET\u0130C\u0130L\u0130\u011e\u0130<\/p>","protected":false},"author":10,"featured_media":0,"parent":0,"menu_order":0,"comment_status":"closed","ping_status":"closed","template":"","meta":{"_monsterinsights_skip_tracking":false,"_monsterinsights_sitenote_active":false,"_monsterinsights_sitenote_note":"","_monsterinsights_sitenote_category":0,"footnotes":""},"class_list":["post-11820","page","type-page","status-publish","hentry"],"_links":{"self":[{"href":"https:\/\/kuansofis.com\/en\/wp-json\/wp\/v2\/pages\/11820","targetHints":{"allow":["GET"]}}],"collection":[{"href":"https:\/\/kuansofis.com\/en\/wp-json\/wp\/v2\/pages"}],"about":[{"href":"https:\/\/kuansofis.com\/en\/wp-json\/wp\/v2\/types\/page"}],"author":[{"embeddable":true,"href":"https:\/\/kuansofis.com\/en\/wp-json\/wp\/v2\/users\/10"}],"replies":[{"embeddable":true,"href":"https:\/\/kuansofis.com\/en\/wp-json\/wp\/v2\/comments?post=11820"}],"version-history":[{"count":1,"href":"https:\/\/kuansofis.com\/en\/wp-json\/wp\/v2\/pages\/11820\/revisions"}],"predecessor-version":[{"id":137405,"href":"https:\/\/kuansofis.com\/en\/wp-json\/wp\/v2\/pages\/11820\/revisions\/137405"}],"wp:attachment":[{"href":"https:\/\/kuansofis.com\/en\/wp-json\/wp\/v2\/media?parent=11820"}],"curies":[{"name":"wp","href":"https:\/\/api.w.org\/{rel}","templated":true}]}}