{"id":11722,"date":"2025-02-11T12:29:03","date_gmt":"2025-02-11T09:29:03","guid":{"rendered":"https:\/\/kuansofis.com\/?page_id=11722"},"modified":"2025-11-17T17:17:21","modified_gmt":"2025-11-17T14:17:21","slug":"baris-kir-yapi-insaat","status":"publish","type":"page","link":"https:\/\/kuansofis.com\/en\/baris-kir-yapi-insaat\/","title":{"rendered":"BARI\u015e KIR YAPI \u0130N\u015eAAT"},"content":{"rendered":"<div data-elementor-type=\"wp-page\" data-elementor-id=\"11722\" class=\"elementor elementor-11722\">\n\t\t\t\t\t\t<section class=\"elementor-section elementor-top-section elementor-element elementor-element-34f636d elementor-section-full_width elementor-section-stretched elementor-section-height-default elementor-section-height-default\" data-id=\"34f636d\" data-element_type=\"section\" data-settings=\"{&quot;stretch_section&quot;:&quot;section-stretched&quot;}\">\n\t\t\t\t\t\t<div class=\"elementor-container elementor-column-gap-no\">\n\t\t\t\t\t<div class=\"elementor-column elementor-col-100 elementor-top-column elementor-element elementor-element-f4c6b65\" data-id=\"f4c6b65\" data-element_type=\"column\">\n\t\t\t<div class=\"elementor-widget-wrap elementor-element-populated\">\n\t\t\t\t\t\t<div class=\"elementor-element elementor-element-b3315ce elementor-widget elementor-widget-elementskit-heading\" data-id=\"b3315ce\" data-element_type=\"widget\" data-widget_type=\"elementskit-heading.default\">\n\t\t\t\t<div class=\"elementor-widget-container\">\n\t\t\t<div class=\"ekit-wid-con\" ><div class=\"ekit-heading elementskit-section-title-wraper text_left   ekit_heading_tablet-   ekit_heading_mobile-\"><h2 class=\"ekit-heading--title elementskit-section-title\"><span><span>BARI\u015e KIR YAPI \u0130N\u015eAAT<\/span><\/span><\/h2><div class=\"ekit_heading_separetor_wraper ekit_heading_elementskit-border-divider elementskit-style-long\"><div class=\"elementskit-border-divider elementskit-style-long\"><\/div><\/div><\/div><\/div>\t\t<\/div>\n\t\t\t\t<\/div>\n\t\t\t\t\t<\/div>\n\t\t<\/div>\n\t\t\t\t\t<\/div>\n\t\t<\/section>\n\t\t\t\t<section class=\"elementor-section elementor-top-section elementor-element elementor-element-0f2dca2 elementor-section-full_width elementor-section-stretched elementor-section-height-default elementor-section-height-default\" data-id=\"0f2dca2\" data-element_type=\"section\" data-settings=\"{&quot;stretch_section&quot;:&quot;section-stretched&quot;}\">\n\t\t\t\t\t\t<div class=\"elementor-container elementor-column-gap-no\">\n\t\t\t\t\t<div class=\"elementor-column elementor-col-100 elementor-top-column elementor-element elementor-element-9a81908\" data-id=\"9a81908\" data-element_type=\"column\">\n\t\t\t<div class=\"elementor-widget-wrap elementor-element-populated\">\n\t\t\t\t\t\t<div class=\"elementor-element elementor-element-67f1d59 gallery-spacing-custom elementor-widget elementor-widget-image-gallery\" data-id=\"67f1d59\" data-element_type=\"widget\" data-widget_type=\"image-gallery.default\">\n\t\t\t\t<div class=\"elementor-widget-container\">\n\t\t\t\t\t<div class=\"elementor-image-gallery\">\n\t\t\t<div id='gallery-1' class='gallery galleryid-11722 gallery-columns-3 gallery-size-full'><figure class='gallery-item'>\n\t\t\t<div class='gallery-icon portrait'>\n\t\t\t\t<a data-elementor-open-lightbox=\"yes\" data-elementor-lightbox-slideshow=\"67f1d59\" data-elementor-lightbox-title=\"baris_kir_yapi_insaat1\" data-e-action-hash=\"#elementor-action%3Aaction%3Dlightbox%26settings%3DeyJpZCI6MTE3MjQsInVybCI6Imh0dHBzOlwvXC9rdWFuc29maXMuY29tXC93cC1jb250ZW50XC91cGxvYWRzXC8yMDI1XC8wMlwvYmFyaXNfa2lyX3lhcGlfaW5zYWF0MS5qcGciLCJzbGlkZXNob3ciOiI2N2YxZDU5In0%3D\" href='https:\/\/kuansofis.com\/wp-content\/uploads\/2025\/02\/baris_kir_yapi_insaat1.jpg'><img fetchpriority=\"high\" decoding=\"async\" width=\"450\" height=\"600\" src=\"https:\/\/kuansofis.com\/wp-content\/uploads\/2025\/02\/baris_kir_yapi_insaat1.jpg\" class=\"attachment-full size-full\" alt=\"\" srcset=\"https:\/\/kuansofis.com\/wp-content\/uploads\/2025\/02\/baris_kir_yapi_insaat1.jpg 450w, https:\/\/kuansofis.com\/wp-content\/uploads\/2025\/02\/baris_kir_yapi_insaat1-225x300.jpg 225w\" sizes=\"(max-width: 450px) 100vw, 450px\" \/><\/a>\n\t\t\t<\/div><\/figure><figure class='gallery-item'>\n\t\t\t<div class='gallery-icon portrait'>\n\t\t\t\t<a data-elementor-open-lightbox=\"yes\" data-elementor-lightbox-slideshow=\"67f1d59\" data-elementor-lightbox-title=\"baris_kir_yapi_insaat2\" data-e-action-hash=\"#elementor-action%3Aaction%3Dlightbox%26settings%3DeyJpZCI6MTE3MjUsInVybCI6Imh0dHBzOlwvXC9rdWFuc29maXMuY29tXC93cC1jb250ZW50XC91cGxvYWRzXC8yMDI1XC8wMlwvYmFyaXNfa2lyX3lhcGlfaW5zYWF0Mi5qcGciLCJzbGlkZXNob3ciOiI2N2YxZDU5In0%3D\" href='https:\/\/kuansofis.com\/wp-content\/uploads\/2025\/02\/baris_kir_yapi_insaat2.jpg'><img decoding=\"async\" width=\"450\" height=\"600\" src=\"https:\/\/kuansofis.com\/wp-content\/uploads\/2025\/02\/baris_kir_yapi_insaat2.jpg\" class=\"attachment-full size-full\" alt=\"\" srcset=\"https:\/\/kuansofis.com\/wp-content\/uploads\/2025\/02\/baris_kir_yapi_insaat2.jpg 450w, https:\/\/kuansofis.com\/wp-content\/uploads\/2025\/02\/baris_kir_yapi_insaat2-225x300.jpg 225w\" sizes=\"(max-width: 450px) 100vw, 450px\" \/><\/a>\n\t\t\t<\/div><\/figure><figure class='gallery-item'>\n\t\t\t<div class='gallery-icon portrait'>\n\t\t\t\t<a data-elementor-open-lightbox=\"yes\" data-elementor-lightbox-slideshow=\"67f1d59\" data-elementor-lightbox-title=\"baris_kir_yapi_insaat3\" data-e-action-hash=\"#elementor-action%3Aaction%3Dlightbox%26settings%3DeyJpZCI6MTE3MjYsInVybCI6Imh0dHBzOlwvXC9rdWFuc29maXMuY29tXC93cC1jb250ZW50XC91cGxvYWRzXC8yMDI1XC8wMlwvYmFyaXNfa2lyX3lhcGlfaW5zYWF0My5qcGciLCJzbGlkZXNob3ciOiI2N2YxZDU5In0%3D\" href='https:\/\/kuansofis.com\/wp-content\/uploads\/2025\/02\/baris_kir_yapi_insaat3.jpg'><img decoding=\"async\" width=\"450\" height=\"600\" src=\"https:\/\/kuansofis.com\/wp-content\/uploads\/2025\/02\/baris_kir_yapi_insaat3.jpg\" class=\"attachment-full size-full\" alt=\"\" srcset=\"https:\/\/kuansofis.com\/wp-content\/uploads\/2025\/02\/baris_kir_yapi_insaat3.jpg 450w, https:\/\/kuansofis.com\/wp-content\/uploads\/2025\/02\/baris_kir_yapi_insaat3-225x300.jpg 225w\" sizes=\"(max-width: 450px) 100vw, 450px\" \/><\/a>\n\t\t\t<\/div><\/figure><figure class='gallery-item'>\n\t\t\t<div class='gallery-icon portrait'>\n\t\t\t\t<a data-elementor-open-lightbox=\"yes\" data-elementor-lightbox-slideshow=\"67f1d59\" data-elementor-lightbox-title=\"baris_kir_yapi_insaat4\" data-e-action-hash=\"#elementor-action%3Aaction%3Dlightbox%26settings%3DeyJpZCI6MTE3MjcsInVybCI6Imh0dHBzOlwvXC9rdWFuc29maXMuY29tXC93cC1jb250ZW50XC91cGxvYWRzXC8yMDI1XC8wMlwvYmFyaXNfa2lyX3lhcGlfaW5zYWF0NC5qcGciLCJzbGlkZXNob3ciOiI2N2YxZDU5In0%3D\" href='https:\/\/kuansofis.com\/wp-content\/uploads\/2025\/02\/baris_kir_yapi_insaat4.jpg'><img loading=\"lazy\" decoding=\"async\" width=\"450\" height=\"600\" src=\"https:\/\/kuansofis.com\/wp-content\/uploads\/2025\/02\/baris_kir_yapi_insaat4.jpg\" class=\"attachment-full size-full\" alt=\"\" srcset=\"https:\/\/kuansofis.com\/wp-content\/uploads\/2025\/02\/baris_kir_yapi_insaat4.jpg 450w, https:\/\/kuansofis.com\/wp-content\/uploads\/2025\/02\/baris_kir_yapi_insaat4-225x300.jpg 225w\" sizes=\"(max-width: 450px) 100vw, 450px\" \/><\/a>\n\t\t\t<\/div><\/figure><figure class='gallery-item'>\n\t\t\t<div class='gallery-icon portrait'>\n\t\t\t\t<a data-elementor-open-lightbox=\"yes\" data-elementor-lightbox-slideshow=\"67f1d59\" data-elementor-lightbox-title=\"baris_kir_yapi_insaat5\" data-e-action-hash=\"#elementor-action%3Aaction%3Dlightbox%26settings%3DeyJpZCI6MTE3MjgsInVybCI6Imh0dHBzOlwvXC9rdWFuc29maXMuY29tXC93cC1jb250ZW50XC91cGxvYWRzXC8yMDI1XC8wMlwvYmFyaXNfa2lyX3lhcGlfaW5zYWF0NS5qcGciLCJzbGlkZXNob3ciOiI2N2YxZDU5In0%3D\" href='https:\/\/kuansofis.com\/wp-content\/uploads\/2025\/02\/baris_kir_yapi_insaat5.jpg'><img loading=\"lazy\" decoding=\"async\" width=\"450\" height=\"600\" src=\"https:\/\/kuansofis.com\/wp-content\/uploads\/2025\/02\/baris_kir_yapi_insaat5.jpg\" class=\"attachment-full size-full\" alt=\"\" srcset=\"https:\/\/kuansofis.com\/wp-content\/uploads\/2025\/02\/baris_kir_yapi_insaat5.jpg 450w, https:\/\/kuansofis.com\/wp-content\/uploads\/2025\/02\/baris_kir_yapi_insaat5-225x300.jpg 225w\" sizes=\"(max-width: 450px) 100vw, 450px\" \/><\/a>\n\t\t\t<\/div><\/figure><figure class='gallery-item'>\n\t\t\t<div class='gallery-icon portrait'>\n\t\t\t\t<a data-elementor-open-lightbox=\"yes\" data-elementor-lightbox-slideshow=\"67f1d59\" data-elementor-lightbox-title=\"baris_kir_yapi_insaat6\" data-e-action-hash=\"#elementor-action%3Aaction%3Dlightbox%26settings%3DeyJpZCI6MTE3MjksInVybCI6Imh0dHBzOlwvXC9rdWFuc29maXMuY29tXC93cC1jb250ZW50XC91cGxvYWRzXC8yMDI1XC8wMlwvYmFyaXNfa2lyX3lhcGlfaW5zYWF0Ni5qcGciLCJzbGlkZXNob3ciOiI2N2YxZDU5In0%3D\" href='https:\/\/kuansofis.com\/wp-content\/uploads\/2025\/02\/baris_kir_yapi_insaat6.jpg'><img loading=\"lazy\" decoding=\"async\" width=\"450\" height=\"600\" src=\"https:\/\/kuansofis.com\/wp-content\/uploads\/2025\/02\/baris_kir_yapi_insaat6.jpg\" class=\"attachment-full size-full\" alt=\"\" srcset=\"https:\/\/kuansofis.com\/wp-content\/uploads\/2025\/02\/baris_kir_yapi_insaat6.jpg 450w, https:\/\/kuansofis.com\/wp-content\/uploads\/2025\/02\/baris_kir_yapi_insaat6-225x300.jpg 225w\" sizes=\"(max-width: 450px) 100vw, 450px\" \/><\/a>\n\t\t\t<\/div><\/figure>\n\t\t<\/div>\n\t\t<\/div>\n\t\t\t\t<\/div>\n\t\t\t\t<\/div>\n\t\t\t\t\t<\/div>\n\t\t<\/div>\n\t\t\t\t\t<\/div>\n\t\t<\/section>\n\t\t\t\t<\/div>","protected":false},"excerpt":{"rendered":"<p>BARI\u015e KIR YAPI \u0130N\u015eAAT<\/p>","protected":false},"author":10,"featured_media":0,"parent":0,"menu_order":0,"comment_status":"closed","ping_status":"closed","template":"","meta":{"_monsterinsights_skip_tracking":false,"_monsterinsights_sitenote_active":false,"_monsterinsights_sitenote_note":"","_monsterinsights_sitenote_category":0,"footnotes":""},"class_list":["post-11722","page","type-page","status-publish","hentry"],"_links":{"self":[{"href":"https:\/\/kuansofis.com\/en\/wp-json\/wp\/v2\/pages\/11722","targetHints":{"allow":["GET"]}}],"collection":[{"href":"https:\/\/kuansofis.com\/en\/wp-json\/wp\/v2\/pages"}],"about":[{"href":"https:\/\/kuansofis.com\/en\/wp-json\/wp\/v2\/types\/page"}],"author":[{"embeddable":true,"href":"https:\/\/kuansofis.com\/en\/wp-json\/wp\/v2\/users\/10"}],"replies":[{"embeddable":true,"href":"https:\/\/kuansofis.com\/en\/wp-json\/wp\/v2\/comments?post=11722"}],"version-history":[{"count":1,"href":"https:\/\/kuansofis.com\/en\/wp-json\/wp\/v2\/pages\/11722\/revisions"}],"predecessor-version":[{"id":137404,"href":"https:\/\/kuansofis.com\/en\/wp-json\/wp\/v2\/pages\/11722\/revisions\/137404"}],"wp:attachment":[{"href":"https:\/\/kuansofis.com\/en\/wp-json\/wp\/v2\/media?parent=11722"}],"curies":[{"name":"wp","href":"https:\/\/api.w.org\/{rel}","templated":true}]}}