{"id":11318,"date":"2025-02-10T15:51:15","date_gmt":"2025-02-10T12:51:15","guid":{"rendered":"https:\/\/kuansofis.com\/?page_id=11318"},"modified":"2026-01-13T14:52:31","modified_gmt":"2026-01-13T11:52:31","slug":"bank-account-numbers","status":"publish","type":"page","link":"https:\/\/kuansofis.com\/en\/bank-account-numbers\/","title":{"rendered":"Bank Account Numbers"},"content":{"rendered":"<div data-elementor-type=\"wp-page\" data-elementor-id=\"11318\" class=\"elementor elementor-11318\" data-elementor-post-type=\"page\">\n\t\t\t\t<div class=\"elementor-element elementor-element-eb52d05 e-flex e-con-boxed e-con e-parent\" data-id=\"eb52d05\" data-element_type=\"container\" data-e-type=\"container\">\n\t\t\t\t\t<div class=\"e-con-inner\">\n\t\t\t\t<div class=\"elementor-element elementor-element-c187940 elementor-widget elementor-widget-elementskit-heading\" data-id=\"c187940\" data-element_type=\"widget\" data-e-type=\"widget\" data-widget_type=\"elementskit-heading.default\">\n\t\t\t\t<div class=\"elementor-widget-container\">\n\t\t\t\t\t<div class=\"ekit-wid-con\" ><div class=\"ekit-heading elementskit-section-title-wraper text_left   ekit_heading_tablet-   ekit_heading_mobile-\"><h2 class=\"ekit-heading--title elementskit-section-title\"><span><span>Cookie Policy<\/span><\/span><\/h2><div class=\"ekit_heading_separetor_wraper ekit_heading_elementskit-border-divider elementskit-style-long\"><div class=\"elementskit-border-divider elementskit-style-long\"><\/div><\/div><\/div><\/div>\t\t\t\t<\/div>\n\t\t\t\t<\/div>\n\t\t\t\t\t<\/div>\n\t\t\t\t<\/div>\n\t\t<div class=\"elementor-element elementor-element-0f3791c e-flex e-con-boxed e-con e-parent\" data-id=\"0f3791c\" data-element_type=\"container\" data-e-type=\"container\">\n\t\t\t\t\t<div class=\"e-con-inner\">\n\t\t<div class=\"elementor-element elementor-element-96ef564 e-con-full e-flex e-con e-child\" data-id=\"96ef564\" data-element_type=\"container\" data-e-type=\"container\">\n\t\t\t\t<div class=\"elementor-element elementor-element-5fe7e2d elementor-widget elementor-widget-heading\" data-id=\"5fe7e2d\" data-element_type=\"widget\" data-e-type=\"widget\" data-widget_type=\"heading.default\">\n\t\t\t\t<div class=\"elementor-widget-container\">\n\t\t\t\t\t<h3 class=\"elementor-heading-title elementor-size-default\">Content Pages<\/h3>\t\t\t\t<\/div>\n\t\t\t\t<\/div>\n\t\t\t\t<div class=\"elementor-element elementor-element-38193d6 elementor-widget elementor-widget-html\" data-id=\"38193d6\" data-element_type=\"widget\" data-e-type=\"widget\" data-widget_type=\"html.default\">\n\t\t\t\t<div class=\"elementor-widget-container\">\n\t\t\t\t\t<style>\n.list-item{\n    font-family: 'Roboto';\n    font-size: 18px;\n    color: #000;\n    line-height: 36px;\n}\n.activee{\n    color: #0c3b5d;\n    font-weight: bold;\n    border-left: solid 3px #fec33b;\n}\n<\/style>\n\n\n<a href=\"https:\/\/kuansofis.com\/en\/about-us\/\" class=\"list-item\">&nbsp;About Kuans Office<\/a><br>\n<a href=\"https:\/\/kuansofis.com\/en\/privacy-policy\/\" class=\"list-item\">&nbsp;Privacy Policy<\/a><br>\n<a href=\"https:\/\/kuansofis.com\/en\/guarantee-conditions\/\" class=\"list-item\">&nbsp;Warranty Conditions<\/a><br>\n<a href=\"https:\/\/kuansofis.com\/en\/delivery-return\/\" class=\"list-item\">&nbsp;Delivery &amp; Returns<\/a><br>\n<a href=\"https:\/\/kuansofis.com\/en\/distance-selling-contract\/\" class=\"list-item\">&nbsp;Distance Selling Contract<\/a><br>\n<a href=\"https:\/\/kuansofis.com\/en\/kvkk-information-notice\/\" class=\"list-item\">&nbsp;KVKK Information Notice<\/a><br>\n<a href=\"https:\/\/kuansofis.com\/en\/cherry-policy\/\" class=\"list-item\">&nbsp;Cookie Policy<\/a><br>\n<a href=\"https:\/\/kuansofis.com\/en\/bank-account-numbers\/\" class=\"list-item activee\">&nbsp;Bank Account Numbers<\/a>\t\t\t\t<\/div>\n\t\t\t\t<\/div>\n\t\t\t\t<\/div>\n\t\t<div class=\"elementor-element elementor-element-19769f0 e-con-full e-flex e-con e-child\" data-id=\"19769f0\" data-element_type=\"container\" data-e-type=\"container\">\n\t\t\t\t<div class=\"elementor-element elementor-element-64e6e2b elementor-position-left elementor-vertical-align-middle elementor-widget elementor-widget-image-box\" data-id=\"64e6e2b\" data-element_type=\"widget\" data-e-type=\"widget\" data-widget_type=\"image-box.default\">\n\t\t\t\t<div class=\"elementor-widget-container\">\n\t\t\t\t\t<div class=\"elementor-image-box-wrapper\"><figure class=\"elementor-image-box-img\"><img decoding=\"async\" width=\"177\" height=\"100\" src=\"https:\/\/kuansofis.com\/wp-content\/uploads\/2025\/02\/banka_6503819fae307_1694728607.jpg\" class=\"attachment-full size-full wp-image-11321\" alt=\"\" \/><\/figure><div class=\"elementor-image-box-content\"><p class=\"elementor-image-box-description\">T. Garanti Bankas\u0131 A.\u015e.<br>\n\u015eube Ad\u0131 : Maltepe \u00c7ar\u015f\u0131<br>\n\u015eube Kodu : 742<br>\nHesap Numaras\u0131 \/ Sahibi : 6883088 \/ An\u0131l Sarak<br>\nIBAN : TR89 0006 2000 7420 0006 8830 88<\/p><\/div><\/div>\t\t\t\t<\/div>\n\t\t\t\t<\/div>\n\t\t\t\t<\/div>\n\t\t\t\t\t<\/div>\n\t\t\t\t<\/div>\n\t\t\t\t<\/div>","protected":false},"excerpt":{"rendered":"<p>\u00c7erez Politikas\u0131 \u0130\u00e7erik Sayfalar\u0131 &nbsp;Kuans Ofis Hakk\u0131nda &nbsp;Gizlilik Politikas\u0131 &nbsp;Garanti Ko\u015fullar\u0131 &nbsp;Teslimat &#038; \u0130ade &nbsp;Mesafeli Sat\u0131\u015f S\u00f6zle\u015fmesi &nbsp;KVKK Ayd\u0131nlatma Metni &nbsp;\u00c7erez Politikas\u0131 &nbsp;Banka Hesap Numaralar\u0131 T. Garanti Bankas\u0131 A.\u015e. \u015eube Ad\u0131 : Maltepe \u00c7ar\u015f\u0131 \u015eube Kodu : 742 Hesap Numaras\u0131 \/ Sahibi : 6883088 \/ An\u0131l Sarak IBAN : TR89 0006 2000 7420 0006 8830 &hellip; <br \/><a href=\"https:\/\/kuansofis.com\/en\/bank-account-numbers\/\" class=\"more-link\">Continue reading <span class=\"screen-reader-text\">Bank Account Numbers<\/span><\/a><\/p>","protected":false},"author":10,"featured_media":0,"parent":0,"menu_order":0,"comment_status":"closed","ping_status":"closed","template":"","meta":{"_monsterinsights_skip_tracking":false,"_monsterinsights_sitenote_active":false,"_monsterinsights_sitenote_note":"","_monsterinsights_sitenote_category":0,"footnotes":""},"class_list":["post-11318","page","type-page","status-publish","hentry"],"_links":{"self":[{"href":"https:\/\/kuansofis.com\/en\/wp-json\/wp\/v2\/pages\/11318","targetHints":{"allow":["GET"]}}],"collection":[{"href":"https:\/\/kuansofis.com\/en\/wp-json\/wp\/v2\/pages"}],"about":[{"href":"https:\/\/kuansofis.com\/en\/wp-json\/wp\/v2\/types\/page"}],"author":[{"embeddable":true,"href":"https:\/\/kuansofis.com\/en\/wp-json\/wp\/v2\/users\/10"}],"replies":[{"embeddable":true,"href":"https:\/\/kuansofis.com\/en\/wp-json\/wp\/v2\/comments?post=11318"}],"version-history":[{"count":1,"href":"https:\/\/kuansofis.com\/en\/wp-json\/wp\/v2\/pages\/11318\/revisions"}],"predecessor-version":[{"id":137928,"href":"https:\/\/kuansofis.com\/en\/wp-json\/wp\/v2\/pages\/11318\/revisions\/137928"}],"wp:attachment":[{"href":"https:\/\/kuansofis.com\/en\/wp-json\/wp\/v2\/media?parent=11318"}],"curies":[{"name":"wp","href":"https:\/\/api.w.org\/{rel}","templated":true}]}}