{"id":11313,"date":"2025-02-10T15:48:27","date_gmt":"2025-02-10T12:48:27","guid":{"rendered":"https:\/\/kuansofis.com\/?page_id=11313"},"modified":"2026-01-13T14:52:38","modified_gmt":"2026-01-13T11:52:38","slug":"cherry-policy","status":"publish","type":"page","link":"https:\/\/kuansofis.com\/en\/cherry-policy\/","title":{"rendered":"Cookie Policy"},"content":{"rendered":"<div data-elementor-type=\"wp-page\" data-elementor-id=\"11313\" class=\"elementor elementor-11313\" data-elementor-post-type=\"page\">\n\t\t\t\t<div class=\"elementor-element elementor-element-eb52d05 e-flex e-con-boxed e-con e-parent\" data-id=\"eb52d05\" data-element_type=\"container\" data-e-type=\"container\">\n\t\t\t\t\t<div class=\"e-con-inner\">\n\t\t\t\t<div class=\"elementor-element elementor-element-c187940 elementor-widget elementor-widget-elementskit-heading\" data-id=\"c187940\" data-element_type=\"widget\" data-e-type=\"widget\" data-widget_type=\"elementskit-heading.default\">\n\t\t\t\t<div class=\"elementor-widget-container\">\n\t\t\t\t\t<div class=\"ekit-wid-con\" ><div class=\"ekit-heading elementskit-section-title-wraper text_left   ekit_heading_tablet-   ekit_heading_mobile-\"><h2 class=\"ekit-heading--title elementskit-section-title\"><span><span>Cookie Policy<\/span><\/span><\/h2><div class=\"ekit_heading_separetor_wraper ekit_heading_elementskit-border-divider elementskit-style-long\"><div class=\"elementskit-border-divider elementskit-style-long\"><\/div><\/div><\/div><\/div>\t\t\t\t<\/div>\n\t\t\t\t<\/div>\n\t\t\t\t\t<\/div>\n\t\t\t\t<\/div>\n\t\t<div class=\"elementor-element elementor-element-0f3791c e-flex e-con-boxed e-con e-parent\" data-id=\"0f3791c\" data-element_type=\"container\" data-e-type=\"container\">\n\t\t\t\t\t<div class=\"e-con-inner\">\n\t\t<div class=\"elementor-element elementor-element-96ef564 e-con-full e-flex e-con e-child\" data-id=\"96ef564\" data-element_type=\"container\" data-e-type=\"container\">\n\t\t\t\t<div class=\"elementor-element elementor-element-5fe7e2d elementor-widget elementor-widget-heading\" data-id=\"5fe7e2d\" data-element_type=\"widget\" data-e-type=\"widget\" data-widget_type=\"heading.default\">\n\t\t\t\t<div class=\"elementor-widget-container\">\n\t\t\t\t\t<h3 class=\"elementor-heading-title elementor-size-default\">Content Pages<\/h3>\t\t\t\t<\/div>\n\t\t\t\t<\/div>\n\t\t\t\t<div class=\"elementor-element elementor-element-bf8935e elementor-widget elementor-widget-html\" data-id=\"bf8935e\" data-element_type=\"widget\" data-e-type=\"widget\" data-widget_type=\"html.default\">\n\t\t\t\t<div class=\"elementor-widget-container\">\n\t\t\t\t\t<style>\n.list-item{\n    font-family: 'Roboto';\n    font-size: 18px;\n    color: #000;\n    line-height: 36px;\n}\n.activee{\n    color: #0c3b5d;\n    font-weight: bold;\n    border-left: solid 3px #fec33b;\n}\n<\/style>\n\n\n<a href=\"https:\/\/kuansofis.com\/en\/about-us\/\" class=\"list-item\">&nbsp;About Kuans Office<\/a><br>\n<a href=\"https:\/\/kuansofis.com\/en\/privacy-policy\/\" class=\"list-item\">&nbsp;Privacy Policy<\/a><br>\n<a href=\"https:\/\/kuansofis.com\/en\/guarantee-conditions\/\" class=\"list-item\">&nbsp;Warranty Conditions<\/a><br>\n<a href=\"https:\/\/kuansofis.com\/en\/delivery-return\/\" class=\"list-item\">&nbsp;Delivery &amp; Returns<\/a><br>\n<a href=\"https:\/\/kuansofis.com\/en\/distance-selling-contract\/\" class=\"list-item\">&nbsp;Distance Selling Contract<\/a><br>\n<a href=\"https:\/\/kuansofis.com\/en\/kvkk-information-notice\/\" class=\"list-item\">&nbsp;KVKK Information Notice<\/a><br>\n<a href=\"https:\/\/kuansofis.com\/en\/cherry-policy\/\" class=\"list-item activee\">&nbsp;Cookie Policy<\/a><br>\n<a href=\"https:\/\/kuansofis.com\/en\/bank-account-numbers\/\" class=\"list-item\">&nbsp;Bank Account Numbers<\/a>\t\t\t\t<\/div>\n\t\t\t\t<\/div>\n\t\t\t\t<\/div>\n\t\t<div class=\"elementor-element elementor-element-19769f0 e-con-full e-flex e-con e-child\" data-id=\"19769f0\" data-element_type=\"container\" data-e-type=\"container\">\n\t\t\t\t<div class=\"elementor-element elementor-element-56cc046 elementor-widget elementor-widget-text-editor\" data-id=\"56cc046\" data-element_type=\"widget\" data-e-type=\"widget\" data-widget_type=\"text-editor.default\">\n\t\t\t\t<div class=\"elementor-widget-container\">\n\t\t\t\t\t\t\t\t\t<h3><span style=\"color: #0c3b5d;\"><strong>KUANS OFFICE FURNITURE WEBSITE (www.kuansofis.com) COOKIE POLICY<br \/><br \/><\/strong><\/span><\/h3><p><span style=\"color: #0c3b5d;\">Cookies are small text files stored on your device or network server by the websites you visit via your browser.<\/span><\/p><p><span style=\"color: #0c3b5d;\">The Kuans Office Furniture website uses cookies, the purpose of which is to improve the user experience for visitors to our website and members of our website, developing the site, implementing innovations, providing personalised and interest-based advertising, offering visitors an engaging and customised website and advertising portfolio, ensuring the legal and commercial security of our visitors, members, and company, and thereby enabling the most efficient use of the site.<\/span><\/p><p><span style=\"color: #0c3b5d;\">The Kuans Office Furniture website works with reputable, recognised third-party advertising providers. Cookies placed by third parties collect your browsing information and use your information in line with your interests to provide services tailored to your needs for goods and services.<\/span><\/p><p class=\"translation-block\">Regarding the use of cookies on the Kuans Office Furniture website, when visitors access the website, a small information box appears at the bottom of the site with the text: \u201c<em>We use cookies to enhance your shopping experience and improve our website. <\/em>\" appears at the bottom of the site, thereby informing our visitors about the use of cookies. If you close this text box by clicking on the \"Accept or decline optional cookies\" button, the use of cookies will be carried out in accordance with your wishes. Even if you have freely consented to the use of cookies, you always have the right to opt out of cookie usage through your internet browser settings. We would also like to note that you will still be able to view our website properly in this case.<\/p>\t\t\t\t\t\t\t\t<\/div>\n\t\t\t\t<\/div>\n\t\t\t\t<\/div>\n\t\t\t\t\t<\/div>\n\t\t\t\t<\/div>\n\t\t\t\t<\/div>","protected":false},"excerpt":{"rendered":"<p>\u00c7erez Politikas\u0131 \u0130\u00e7erik Sayfalar\u0131 &nbsp;Kuans Ofis Hakk\u0131nda &nbsp;Gizlilik Politikas\u0131 &nbsp;Garanti Ko\u015fullar\u0131 &nbsp;Teslimat &#038; \u0130ade &nbsp;Mesafeli Sat\u0131\u015f S\u00f6zle\u015fmesi &nbsp;KVKK Ayd\u0131nlatma Metni &nbsp;\u00c7erez Politikas\u0131 &nbsp;Banka Hesap Numaralar\u0131 KUANS OF\u0130S MOB\u0130LYALARI \u0130NTERNET S\u0130TES\u0130 (www.kuansofis.com) \u00c7EREZ POL\u0130T\u0130KASI \u00c7erezler, ziyaret etti\u011finiz internet siteleri taraf\u0131ndan taray\u0131c\u0131lar arac\u0131l\u0131\u011f\u0131yla cihaz\u0131n\u0131za veya a\u011f sunucusuna depolanan k\u00fc\u00e7\u00fck metin dosyalar\u0131d\u0131r. Kuans Ofis Mobilyalar\u0131n\u0131n web sitesinde \u00e7erez &hellip; <br \/><a href=\"https:\/\/kuansofis.com\/en\/cherry-policy\/\" class=\"more-link\">Continue reading <span class=\"screen-reader-text\">Cookie Policy<\/span><\/a><\/p>","protected":false},"author":10,"featured_media":0,"parent":0,"menu_order":0,"comment_status":"closed","ping_status":"closed","template":"","meta":{"_monsterinsights_skip_tracking":false,"_monsterinsights_sitenote_active":false,"_monsterinsights_sitenote_note":"","_monsterinsights_sitenote_category":0,"footnotes":""},"class_list":["post-11313","page","type-page","status-publish","hentry"],"_links":{"self":[{"href":"https:\/\/kuansofis.com\/en\/wp-json\/wp\/v2\/pages\/11313","targetHints":{"allow":["GET"]}}],"collection":[{"href":"https:\/\/kuansofis.com\/en\/wp-json\/wp\/v2\/pages"}],"about":[{"href":"https:\/\/kuansofis.com\/en\/wp-json\/wp\/v2\/types\/page"}],"author":[{"embeddable":true,"href":"https:\/\/kuansofis.com\/en\/wp-json\/wp\/v2\/users\/10"}],"replies":[{"embeddable":true,"href":"https:\/\/kuansofis.com\/en\/wp-json\/wp\/v2\/comments?post=11313"}],"version-history":[{"count":1,"href":"https:\/\/kuansofis.com\/en\/wp-json\/wp\/v2\/pages\/11313\/revisions"}],"predecessor-version":[{"id":137929,"href":"https:\/\/kuansofis.com\/en\/wp-json\/wp\/v2\/pages\/11313\/revisions\/137929"}],"wp:attachment":[{"href":"https:\/\/kuansofis.com\/en\/wp-json\/wp\/v2\/media?parent=11313"}],"curies":[{"name":"wp","href":"https:\/\/api.w.org\/{rel}","templated":true}]}}