{"id":11285,"date":"2025-02-10T15:21:47","date_gmt":"2025-02-10T12:21:47","guid":{"rendered":"https:\/\/kuansofis.com\/?page_id=11285"},"modified":"2025-02-12T17:18:12","modified_gmt":"2025-02-12T14:18:12","slug":"distance-selling-contract","status":"publish","type":"page","link":"https:\/\/kuansofis.com\/en\/distance-selling-contract\/","title":{"rendered":"Distance Selling Contract"},"content":{"rendered":"<div data-elementor-type=\"wp-page\" data-elementor-id=\"11285\" class=\"elementor elementor-11285\" data-elementor-post-type=\"page\">\n\t\t\t\t<div class=\"elementor-element elementor-element-eb52d05 e-flex e-con-boxed e-con e-parent\" data-id=\"eb52d05\" data-element_type=\"container\" data-e-type=\"container\">\n\t\t\t\t\t<div class=\"e-con-inner\">\n\t\t\t\t<div class=\"elementor-element elementor-element-c187940 elementor-widget elementor-widget-elementskit-heading\" data-id=\"c187940\" data-element_type=\"widget\" data-e-type=\"widget\" data-widget_type=\"elementskit-heading.default\">\n\t\t\t\t<div class=\"elementor-widget-container\">\n\t\t\t\t\t<div class=\"ekit-wid-con\" ><div class=\"ekit-heading elementskit-section-title-wraper text_left   ekit_heading_tablet-   ekit_heading_mobile-\"><h2 class=\"ekit-heading--title elementskit-section-title\"><span><span>Distance Selling Contract<\/span><\/span><\/h2><div class=\"ekit_heading_separetor_wraper ekit_heading_elementskit-border-divider elementskit-style-long\"><div class=\"elementskit-border-divider elementskit-style-long\"><\/div><\/div><\/div><\/div>\t\t\t\t<\/div>\n\t\t\t\t<\/div>\n\t\t\t\t\t<\/div>\n\t\t\t\t<\/div>\n\t\t<div class=\"elementor-element elementor-element-0f3791c e-flex e-con-boxed e-con e-parent\" data-id=\"0f3791c\" data-element_type=\"container\" data-e-type=\"container\">\n\t\t\t\t\t<div class=\"e-con-inner\">\n\t\t<div class=\"elementor-element elementor-element-96ef564 e-con-full e-flex e-con e-child\" data-id=\"96ef564\" data-element_type=\"container\" data-e-type=\"container\">\n\t\t\t\t<div class=\"elementor-element elementor-element-5fe7e2d elementor-widget elementor-widget-heading\" data-id=\"5fe7e2d\" data-element_type=\"widget\" data-e-type=\"widget\" data-widget_type=\"heading.default\">\n\t\t\t\t<div class=\"elementor-widget-container\">\n\t\t\t\t\t<h3 class=\"elementor-heading-title elementor-size-default\">Content Pages<\/h3>\t\t\t\t<\/div>\n\t\t\t\t<\/div>\n\t\t\t\t<div class=\"elementor-element elementor-element-db47ea5 elementor-widget elementor-widget-html\" data-id=\"db47ea5\" data-element_type=\"widget\" data-e-type=\"widget\" data-widget_type=\"html.default\">\n\t\t\t\t<div class=\"elementor-widget-container\">\n\t\t\t\t\t<style>\n.list-item{\n    font-family: 'Roboto';\n    font-size: 18px;\n    color: #000;\n    line-height: 36px;\n}\n.activee{\n    color: #0c3b5d;\n    font-weight: bold;\n    border-left: solid 3px #fec33b;\n}\n<\/style>\n\n\n<a href=\"https:\/\/kuansofis.com\/en\/about-us\/\" class=\"list-item\">&nbsp;About Kuans Office<\/a><br>\n<a href=\"https:\/\/kuansofis.com\/en\/privacy-policy\/\" class=\"list-item\">&nbsp;Privacy Policy<\/a><br>\n<a href=\"https:\/\/kuansofis.com\/en\/guarantee-conditions\/\" class=\"list-item\">&nbsp;Warranty Conditions<\/a><br>\n<a href=\"https:\/\/kuansofis.com\/en\/delivery-return\/\" class=\"list-item\">&nbsp;Delivery &amp; Returns<\/a><br>\n<a href=\"https:\/\/kuansofis.com\/en\/distance-selling-contract\/\" class=\"list-item activee\">&nbsp;Distance Selling Contract<\/a><br>\n<a href=\"https:\/\/kuansofis.com\/en\/kvkk-information-notice\/\" class=\"list-item\">&nbsp;KVKK Information Notice<\/a><br>\n<a href=\"https:\/\/kuansofis.com\/en\/cherry-policy\/\" class=\"list-item\">&nbsp;Cookie Policy<\/a><br>\n<a href=\"https:\/\/kuansofis.com\/en\/bank-account-numbers\/\" class=\"list-item\">&nbsp;Bank Account Numbers<\/a>\t\t\t\t<\/div>\n\t\t\t\t<\/div>\n\t\t\t\t<\/div>\n\t\t<div class=\"elementor-element elementor-element-19769f0 e-con-full e-flex e-con e-child\" data-id=\"19769f0\" data-element_type=\"container\" data-e-type=\"container\">\n\t\t\t\t<div class=\"elementor-element elementor-element-56cc046 elementor-widget elementor-widget-text-editor\" data-id=\"56cc046\" data-element_type=\"widget\" data-e-type=\"widget\" data-widget_type=\"text-editor.default\">\n\t\t\t\t<div class=\"elementor-widget-container\">\n\t\t\t\t\t\t\t\t\t<h2 style=\"text-align: left;\"><strong><span style=\"color: #0c3b5d;\">ARTICLE 1 \u2013 PARTIES TO THE AGREEMENT:<\/span><\/strong><\/h2><p style=\"text-align: left;\"><span style=\"color: #0c3b5d;\">SELLER: Kuans Office Furniture  Address: Emek Mah. Ordu Cad. No:28\/A Sancaktepe \/ ISTANBUL   Tel.: 0532 470 94 40  Email: info@kuansofis.com<\/span><\/p><p style=\"text-align: left;\"><span style=\"color: #0c3b5d;\">PURCHASER: Customer<br \/><br \/><\/span><\/p><h2 style=\"text-align: left;\"><strong><span style=\"color: #0c3b5d;\">ARTICLE 2 \u2013 SUBJECT MATTER OF THE AGREEMENT:<\/span><\/strong><\/h2><p style=\"text-align: left;\" align=\"justify\"><span style=\"color: #0c3b5d;\">The subject matter of this contract is the sale and delivery of the goods\/services specified in the contract, which the Buyer has ordered electronically from the Seller's website www.kuansofis.com, the sale and delivery of the goods\/services specified in the agreement, which possess the characteristics mentioned in the agreement and whose sales price is also specified in the agreement, and the determination of the rights and obligations of the parties in accordance with the provisions of Law No. 4077 on the Protection of Consumers and the Regulation on the Implementation Principles and Procedures of Distance Contracts. The Buyer acknowledges and declares that they are aware of all preliminary information regarding the goods\/services subject to sale, such as their basic characteristics, sales price, payment method, delivery conditions, etc., as well as their right of withdrawal, that they have confirmed this preliminary information electronically, and that they have subsequently ordered the goods\/services in accordance with the provisions of this contract. The preliminary information and invoice on the payment page of the www.kuansofis.com website are integral parts of this contract.<br \/><br \/><\/span><\/p><h2 style=\"text-align: left;\"><strong><span style=\"color: #0c3b5d;\">ARTICLE 3 \u2013 DATE OF AGREEMENT:<\/span><\/strong><\/h2><p style=\"text-align: left;\" align=\"justify\"><span style=\"color: #0c3b5d;\">This contract, previously signed by the seller in two copies, has been signed and accepted by the buyer on \u2026, and one copy will be sent to the buyer's email address.<br \/><br \/><\/span><\/p><h2 style=\"text-align: left;\"><strong><span style=\"color: #0c3b5d;\">ARTICLE 4 \u2013 DELIVERY OF GOODS\/SERVICES, PLACE OF PERFORMANCE OF THE CONTRACT AND DELIVERY METHOD:<\/span><\/strong><\/h2><p style=\"text-align: left;\" align=\"justify\"><span style=\"color: #0c3b5d;\">The goods\/services will be delivered to \u2026 at the address \u2026 requested by the recipient.<br \/><br \/><\/span><\/p><h2 style=\"text-align: left;\"><strong><span style=\"color: #0c3b5d;\">ARTICLE 5 \u2013 DELIVERY COSTS AND PERFORMANCE:<\/span><\/strong><\/h2><p style=\"text-align: left;\" align=\"justify\"><span style=\"color: #0c3b5d;\">Delivery costs are borne by the buyer. If the seller has stated on the website that delivery costs will be covered by them for purchases exceeding the advertised amount, or that delivery will be free as part of a promotion, then the delivery costs are borne by the seller. Delivery will be made as soon as possible after the goods are in stock and the purchase price has been transferred to the seller's account. The seller shall deliver the goods\/services within 30 (thirty) days of the order and reserves the right to extend this period by an additional 10 (ten) days with written notification. If, for any reason, the goods\/services are not paid for or are cancelled in the bank records, the seller shall be deemed to be released from the obligation to deliver the goods\/services.<br \/><br \/><\/span><\/p><h2 style=\"text-align: left;\"><strong><span style=\"color: #0c3b5d;\">ARTICLE 6 \u2013 BUYER'S DECLARATIONS AND UNDERTAKINGS:<\/span><\/strong><\/h2><p style=\"text-align: left;\" align=\"justify\"><span style=\"color: #0c3b5d;\">The buyer shall inspect the goods\/services subject to the contract before accepting delivery; they shall not accept delivery of damaged or defective goods\/services, such as those that are dented, broken, or have torn packaging, from the shipping company. The goods\/services received shall be deemed to be undamaged and in good condition. After delivery, the buyer shall be responsible for taking care to protect the goods\/services. If the right of withdrawal is exercised, the goods\/services must not be used. The invoice must be returned. If, after delivery of the goods\/services, the bank or financial institution fails to pay the seller the price of the goods\/services due to unauthorised, unjust or unlawful use of the buyer's credit card by unauthorised persons through no fault of the buyer, the Buyer shall be obliged to send the goods\/services to the seller within 3 (Three) days. In this case, the delivery costs shall be borne by the buyer.<br \/><br \/><\/span><\/p><h2 style=\"text-align: left;\"><strong><span style=\"color: #0c3b5d;\">ARTICLE 7 \u2013 SELLER'S DECLARATIONS AND UNDERTAKINGS:<\/span><\/strong><\/h2><p style=\"text-align: left;\" align=\"justify\"><span style=\"color: #0c3b5d;\">The seller is responsible for delivering the goods\/services covered by the contract in a sound and complete condition, in accordance with the specifications stated in the order, and with any warranty documents and user manuals, if applicable. If the goods\/services covered by the contract are to be delivered to a person\/organisation other than the buyer, the seller cannot be held responsible if the person\/organisation to whom the delivery is made refuses to accept it. The seller shall refund the price of the goods\/services and, if applicable, return any valuable documents within 10 (ten) days of receiving the notice of withdrawal. The goods\/services shall be returned within 20 (twenty) days. The seller may, for valid reasons, supply the buyer with goods\/services of equivalent quality and price before the performance period specified in the contract expires. If the seller considers that the performance of the goods\/services has become impossible, they shall notify the buyer before the performance period specified in the contract expires. The price paid and any documents shall be returned within 10 (ten) days. Defective or faulty goods\/services, whether sold with or without a warranty certificate, may be sent to the seller for necessary repairs within the warranty conditions, in which case the delivery costs shall be borne by the seller.<br \/><br \/><\/span><\/p><h2 style=\"text-align: left;\"><strong><span style=\"color: #0c3b5d;\">ARTICLE 8 \u2013 CHARACTERISTICS OF THE GOODS\/SERVICES COVERED BY THE CONTRACT:<\/span><\/strong><\/h2><p style=\"text-align: left;\" align=\"justify\"><span style=\"color: #0c3b5d;\">The type and category of the goods\/services, their quantity, brand\/model, colour, and the sales price including all taxes are as specified in the information provided on the goods\/services presentation page of the website www.kuansofis.com and in the invoice, which is considered an integral part of this agreement.<br \/><br \/><\/span><\/p><h2 style=\"text-align: left;\"><strong><span style=\"color: #0c3b5d;\">ARTICLE 9 \u2013 CASH PRICE OF GOODS\/SERVICES:<\/span><\/strong><\/h2><p style=\"text-align: left;\" align=\"justify\"><span style=\"color: #0c3b5d;\">The upfront price of the goods\/services is included in the sample invoice sent by email at the end of the order and in the invoice sent to the customer along with the product.<br \/><br \/><\/span><\/p><h2 style=\"text-align: left;\"><strong><span style=\"color: #0c3b5d;\">ARTICLE 10 \u2013 FORWARD PRICE:<\/span><\/strong><\/h2><p style=\"text-align: left;\" align=\"justify\"><span style=\"color: #0c3b5d;\">The price of the goods\/services, based on the payment term, is included in the sample invoice sent by email at the end of the order and in the invoice sent to the customer together with the product.<br \/><br \/><\/span><\/p><h2 style=\"text-align: left;\"><strong><span style=\"color: #0c3b5d;\">ARTICLE 11 \u2013 INTEREST:<\/span><\/strong><\/h2><p style=\"text-align: left;\" align=\"justify\"><span style=\"color: #0c3b5d;\">It cannot exceed the interest rate set by the Government of the Republic of Turkey each year, and in any case cannot exceed 30%. The buyer is liable to the bank they work with.<br \/><br \/><\/span><\/p><h2 style=\"text-align: left;\"><strong><span style=\"color: #0c3b5d;\">ARTICLE 12 \u2013 DEPOSIT AMOUNT:<\/span><\/strong><\/h2><p style=\"text-align: left;\" align=\"justify\"><span style=\"color: #0c3b5d;\">The deposit amount for the goods\/services is included in the sample invoice sent by email at the end of the order and in the invoice sent to the customer with the product.<br \/><br \/><\/span><\/p><h2 style=\"text-align: left;\"><strong><span style=\"color: #0c3b5d;\">ARTICLE 13 \u2013 PAYMENT PLAN:<\/span><\/strong><\/h2><p style=\"text-align: left;\" align=\"justify\"><span style=\"color: #0c3b5d;\">If the buyer makes a purchase using a credit card and in instalments, the instalment plan selected on the website shall apply. In instalment transactions, the relevant provisions of the agreement signed between the buyer and the cardholder's bank shall apply. The credit card payment date shall be determined in accordance with the terms of the agreement between the bank and the buyer. The buyer may also track the number of instalments and payments from the account statement sent by the bank.<br \/><br \/><\/span><\/p><h2 style=\"text-align: left;\"><strong><span style=\"color: #0c3b5d;\">ARTICLE 14 \u2013 RIGHT OF WITHDRAWAL:<\/span><\/strong><\/h2><p style=\"text-align: left;\" align=\"justify\"><span style=\"color: #0c3b5d;\">The buyer may exercise their right of withdrawal within 7 (seven) days from the delivery of the goods\/services subject to the contract to themselves or to the person\/organisation at the address they have indicated. To exercise the right of withdrawal, the buyer must notify the seller's customer service department by email or telephone within the same period and the goods\/services must be unused, in accordance with the provisions of Article 15 and the preliminary information published on the www.kuansofis.com website, which is an integral part of this contract. If this right is exercised, the original invoice for the goods\/services delivered to a third party or the buyer must be returned. The price of the goods\/services shall be refunded to the buyer within 7 days of receipt of the notice of withdrawal, and the goods\/services shall be returned within 20 (twenty) days. If the original invoice is not sent, VAT and any other legal obligations cannot be refunded to the buyer. The delivery cost of the goods\/services returned due to the right of withdrawal shall be borne by the seller.<br \/><br \/><\/span><\/p><h2 style=\"text-align: left;\"><strong><span style=\"color: #0c3b5d;\">ARTICLE 15 \u2013 GOODS\/SERVICES FOR WHICH THE RIGHT OF WITHDRAWAL CANNOT BE EXERCISED:<\/span><\/strong><\/h2><p style=\"text-align: left;\" align=\"justify\"><span style=\"color: #0c3b5d;\">Goods\/services that cannot be returned due to their nature, goods\/services that spoil quickly and have passed their expiry date, single-use goods\/services, hygienic goods\/services, and any type of copyable software and programmes. Furthermore, in order to exercise the right of withdrawal for any software and programmes, various media (DVD, CD, etc.), computer and stationery consumables (toner, cartridges, ribbons, etc.) and cosmetic products, the goods\/services must be unopened, undamaged and unused. Furthermore, products ordered by the customer with a specific colour selection cannot be returned.<br \/><br \/><\/span><\/p><h2 style=\"text-align: left;\"><strong><span style=\"color: #0c3b5d;\">ARTICLE 16 \u2013 DEFAULT AND LEGAL CONSEQUENCES:<\/span><\/strong><\/h2><p style=\"text-align: left;\" align=\"justify\"><span style=\"color: #0c3b5d;\">If the buyer defaults on payments made with their credit card, they shall pay interest in accordance with the credit card agreement they have entered into with the card-issuing bank and shall be liable to the bank. In this case, the relevant bank may take legal action; it may claim the resulting expenses and attorney's fees from the buyer and, in any case, if the buyer defaults due to their debt, the buyer agrees to pay the seller's damages and losses arising from the delayed performance of the debt.<br \/><br \/><\/span><\/p><h2 style=\"text-align: left;\"><strong><span style=\"color: #0c3b5d;\">ARTICLE 17 \u2013 COMPETENT COURT:<\/span><\/strong><\/h2><p style=\"text-align: left;\" align=\"justify\"><span style=\"color: #0c3b5d;\">In disputes arising from this contract, Consumer Arbitration Boards shall have jurisdiction up to the value announced by the Ministry of Industry and Trade, Consumer Courts shall have jurisdiction above the specified value, and in places where these are not available, the District Courts shall have jurisdiction.<\/span><\/p>\t\t\t\t\t\t\t\t<\/div>\n\t\t\t\t<\/div>\n\t\t\t\t<\/div>\n\t\t\t\t\t<\/div>\n\t\t\t\t<\/div>\n\t\t\t\t<\/div>","protected":false},"excerpt":{"rendered":"<p>Mesafeli Sat\u0131\u015f S\u00f6zle\u015fmesi \u0130\u00e7erik Sayfalar\u0131 &nbsp;Kuans Ofis Hakk\u0131nda &nbsp;Gizlilik Politikas\u0131 &nbsp;Garanti Ko\u015fullar\u0131 &nbsp;Teslimat &#038; \u0130ade &nbsp;Mesafeli Sat\u0131\u015f S\u00f6zle\u015fmesi &nbsp;KVKK Ayd\u0131nlatma Metni &nbsp;\u00c7erez Politikas\u0131 &nbsp;Banka Hesap Numaralar\u0131 MADDE 1 &#8211; S\u00d6ZLE\u015eMEN\u0130N TARAFLARI: SATICI: Kuans Ofis Mobilyalar\u0131\u00a0 Adresi: Emek Mah. Ordu Cad. No:28\/A\u00a0Sancaktepe \/ \u0130STANBUL\u00a0\u00a0 Tel.:\u00a00532 470 94 40\u00a0 Email: info@kuansofis.com ALICI: M\u00fc\u015fteri MADDE 2 &#8211; S\u00d6ZLE\u015eMEN\u0130N &hellip; <br \/><a href=\"https:\/\/kuansofis.com\/en\/distance-selling-contract\/\" class=\"more-link\">Continue reading <span class=\"screen-reader-text\">Distance Selling Contract<\/span><\/a><\/p>","protected":false},"author":10,"featured_media":0,"parent":0,"menu_order":0,"comment_status":"closed","ping_status":"closed","template":"","meta":{"_monsterinsights_skip_tracking":false,"_monsterinsights_sitenote_active":false,"_monsterinsights_sitenote_note":"","_monsterinsights_sitenote_category":0,"footnotes":""},"class_list":["post-11285","page","type-page","status-publish","hentry"],"_links":{"self":[{"href":"https:\/\/kuansofis.com\/en\/wp-json\/wp\/v2\/pages\/11285","targetHints":{"allow":["GET"]}}],"collection":[{"href":"https:\/\/kuansofis.com\/en\/wp-json\/wp\/v2\/pages"}],"about":[{"href":"https:\/\/kuansofis.com\/en\/wp-json\/wp\/v2\/types\/page"}],"author":[{"embeddable":true,"href":"https:\/\/kuansofis.com\/en\/wp-json\/wp\/v2\/users\/10"}],"replies":[{"embeddable":true,"href":"https:\/\/kuansofis.com\/en\/wp-json\/wp\/v2\/comments?post=11285"}],"version-history":[{"count":0,"href":"https:\/\/kuansofis.com\/en\/wp-json\/wp\/v2\/pages\/11285\/revisions"}],"wp:attachment":[{"href":"https:\/\/kuansofis.com\/en\/wp-json\/wp\/v2\/media?parent=11285"}],"curies":[{"name":"wp","href":"https:\/\/api.w.org\/{rel}","templated":true}]}}