{"id":11264,"date":"2025-02-10T15:03:59","date_gmt":"2025-02-10T12:03:59","guid":{"rendered":"https:\/\/kuansofis.com\/?page_id=11264"},"modified":"2026-01-13T14:52:48","modified_gmt":"2026-01-13T11:52:48","slug":"privacy-policy","status":"publish","type":"page","link":"https:\/\/kuansofis.com\/en\/privacy-policy\/","title":{"rendered":"Privacy Policy"},"content":{"rendered":"<div data-elementor-type=\"wp-page\" data-elementor-id=\"11264\" class=\"elementor elementor-11264\" data-elementor-post-type=\"page\">\n\t\t\t\t<div class=\"elementor-element elementor-element-eb52d05 e-flex e-con-boxed e-con e-parent\" data-id=\"eb52d05\" data-element_type=\"container\" data-e-type=\"container\">\n\t\t\t\t\t<div class=\"e-con-inner\">\n\t\t\t\t<div class=\"elementor-element elementor-element-c187940 elementor-widget elementor-widget-elementskit-heading\" data-id=\"c187940\" data-element_type=\"widget\" data-e-type=\"widget\" data-widget_type=\"elementskit-heading.default\">\n\t\t\t\t<div class=\"elementor-widget-container\">\n\t\t\t\t\t<div class=\"ekit-wid-con\" ><div class=\"ekit-heading elementskit-section-title-wraper text_left   ekit_heading_tablet-   ekit_heading_mobile-\"><h2 class=\"ekit-heading--title elementskit-section-title\"><span><span>Privacy Policy<\/span><\/span><\/h2><div class=\"ekit_heading_separetor_wraper ekit_heading_elementskit-border-divider elementskit-style-long\"><div class=\"elementskit-border-divider elementskit-style-long\"><\/div><\/div><\/div><\/div>\t\t\t\t<\/div>\n\t\t\t\t<\/div>\n\t\t\t\t\t<\/div>\n\t\t\t\t<\/div>\n\t\t<div class=\"elementor-element elementor-element-0f3791c e-flex e-con-boxed e-con e-parent\" data-id=\"0f3791c\" data-element_type=\"container\" data-e-type=\"container\">\n\t\t\t\t\t<div class=\"e-con-inner\">\n\t\t<div class=\"elementor-element elementor-element-96ef564 e-con-full e-flex e-con e-child\" data-id=\"96ef564\" data-element_type=\"container\" data-e-type=\"container\">\n\t\t\t\t<div class=\"elementor-element elementor-element-5fe7e2d elementor-widget elementor-widget-heading\" data-id=\"5fe7e2d\" data-element_type=\"widget\" data-e-type=\"widget\" data-widget_type=\"heading.default\">\n\t\t\t\t<div class=\"elementor-widget-container\">\n\t\t\t\t\t<h3 class=\"elementor-heading-title elementor-size-default\">Content Pages<\/h3>\t\t\t\t<\/div>\n\t\t\t\t<\/div>\n\t\t\t\t<div class=\"elementor-element elementor-element-5405446 elementor-widget elementor-widget-html\" data-id=\"5405446\" data-element_type=\"widget\" data-e-type=\"widget\" data-widget_type=\"html.default\">\n\t\t\t\t<div class=\"elementor-widget-container\">\n\t\t\t\t\t<style>\n.list-item{\n    font-family: 'Roboto';\n    font-size: 18px;\n    color: #000;\n    line-height: 36px;\n}\n.activee{\n    color: #0c3b5d;\n    font-weight: bold;\n    border-left: solid 3px #fec33b;\n}\n<\/style>\n\n\n<a href=\"https:\/\/kuansofis.com\/en\/about-us\/\" class=\"list-item\">&nbsp;About Kuans Office<\/a><br>\n<a href=\"https:\/\/kuansofis.com\/en\/privacy-policy\/\" class=\"list-item activee\">&nbsp;Privacy Policy<\/a><br>\n<a href=\"https:\/\/kuansofis.com\/en\/guarantee-conditions\/\" class=\"list-item\">&nbsp;Warranty Conditions<\/a><br>\n<a href=\"https:\/\/kuansofis.com\/en\/delivery-return\/\" class=\"list-item\">&nbsp;Delivery &amp; Returns<\/a><br>\n<a href=\"https:\/\/kuansofis.com\/en\/distance-selling-contract\/\" class=\"list-item\">&nbsp;Distance Selling Contract<\/a><br>\n<a href=\"https:\/\/kuansofis.com\/en\/kvkk-information-notice\/\" class=\"list-item\">&nbsp;KVKK Information Notice<\/a><br>\n<a href=\"https:\/\/kuansofis.com\/en\/cherry-policy\/\" class=\"list-item\">&nbsp;Cookie Policy<\/a><br>\n<a href=\"https:\/\/kuansofis.com\/en\/bank-account-numbers\/\" class=\"list-item\">&nbsp;Bank Account Numbers<\/a>\t\t\t\t<\/div>\n\t\t\t\t<\/div>\n\t\t\t\t<\/div>\n\t\t<div class=\"elementor-element elementor-element-19769f0 e-con-full e-flex e-con e-child\" data-id=\"19769f0\" data-element_type=\"container\" data-e-type=\"container\">\n\t\t\t\t<div class=\"elementor-element elementor-element-56cc046 elementor-widget elementor-widget-text-editor\" data-id=\"56cc046\" data-element_type=\"widget\" data-e-type=\"widget\" data-widget_type=\"text-editor.default\">\n\t\t\t\t<div class=\"elementor-widget-container\">\n\t\t\t\t\t\t\t\t\t<p style=\"font-weight: 400;\"><span style=\"color: #0c3b5d;\">You can find your office furniture or office chair needs here with the option of paying in 4 instalments by credit card and free delivery, and complete your purchase with 100% confidence.<\/span><br \/><span style=\"color: #0c3b5d;\">\u00a0<\/span><br \/><span style=\"color: #0c3b5d;\">The security of the personal information you have registered with our store is of utmost importance to us. The personal information you use when shopping at our store (delivery\/billing addresses, telephone numbers, etc.) will not be shared with other organisations or institutions.<\/span><br \/><br \/><span style=\"color: #0c3b5d;\">Our system only stores information that will enable you to log in easily and quickly when placing your order.<\/span><br \/><br \/><span style=\"color: #0c3b5d;\">The mobile phone number and email address you share with us during registration will only be used to ensure that information regarding the orders you have placed is delivered to you quickly and securely.<\/span><br \/><br \/><span style=\"color: #0c3b5d;\">Our Credit Card Security<\/span><br \/><br \/><span style=\"color: #0c3b5d;\">Our shop prioritises the security of credit card holders who make purchases. To this end, our shop has established a Credit Card Fraud Department that verifies the payment\/invoice\/delivery address information provided for orders.<\/span><br \/><br \/><span style=\"color: #0c3b5d;\">Therefore, in order for orders placed by customers ordering from our store for the first time to proceed to the supply and delivery stage, the accuracy of the financial details must first be verified by the bank. If necessary, credit card holders are contacted to verify these details.<\/span><br \/><br \/><span style=\"color: #0c3b5d;\">Our SSL-certified shop utilises Turkey's most widely used online payment infrastructure. Information relating to the credit card used during the purchase is encrypted independently of the site by the SSL certificate using the 128-bit SSL (Secure Sockets Layer) protocol and sent to the relevant bank for verification.<\/span><br \/><br \/><span style=\"color: #0c3b5d;\">If the card is approved for use, the purchase will proceed. As no card details are displayed or stored by the site, third parties are prevented from obtaining this information under any circumstances.<\/span><br \/><br \/><span style=\"color: #0c3b5d;\">The padlock icon in the bottom right corner of the page where you enter your credit card details indicates that this page is encrypted with SSL. Clicking on it will reveal which company provides the encryption.<\/span><\/p>\t\t\t\t\t\t\t\t<\/div>\n\t\t\t\t<\/div>\n\t\t\t\t<\/div>\n\t\t\t\t\t<\/div>\n\t\t\t\t<\/div>\n\t\t\t\t<\/div>","protected":false},"excerpt":{"rendered":"<p>Gizlilik Politikas\u0131 \u0130\u00e7erik Sayfalar\u0131 &nbsp;Kuans Ofis Hakk\u0131nda &nbsp;Gizlilik Politikas\u0131 &nbsp;Garanti Ko\u015fullar\u0131 &nbsp;Teslimat &#038; \u0130ade &nbsp;Mesafeli Sat\u0131\u015f S\u00f6zle\u015fmesi &nbsp;KVKK Ayd\u0131nlatma Metni &nbsp;\u00c7erez Politikas\u0131 &nbsp;Banka Hesap Numaralar\u0131 Ofis mobilyas\u0131 veya ofis koltu\u011fu ihtiya\u00e7lar\u0131n\u0131z\u0131 kredi kart\u0131na 4 taksit imkan\u0131 ve \u00fccretsiz kargo f\u0131rsat\u0131 ile burada bulabilir ve %100 G\u00fcvenle Al\u0131\u015fveri\u015finizi tamamlayabilirsiniz.\u00a0Ma\u011fazam\u0131za kaydetmi\u015f oldu\u011funuz ki\u015fisel bilgilerinizin g\u00fcvenilirli\u011fi bizler i\u00e7in &hellip; <br \/><a href=\"https:\/\/kuansofis.com\/en\/privacy-policy\/\" class=\"more-link\">Continue reading <span class=\"screen-reader-text\">Privacy Policy<\/span><\/a><\/p>","protected":false},"author":10,"featured_media":0,"parent":0,"menu_order":0,"comment_status":"closed","ping_status":"closed","template":"","meta":{"_monsterinsights_skip_tracking":false,"_monsterinsights_sitenote_active":false,"_monsterinsights_sitenote_note":"","_monsterinsights_sitenote_category":0,"footnotes":""},"class_list":["post-11264","page","type-page","status-publish","hentry"],"_links":{"self":[{"href":"https:\/\/kuansofis.com\/en\/wp-json\/wp\/v2\/pages\/11264","targetHints":{"allow":["GET"]}}],"collection":[{"href":"https:\/\/kuansofis.com\/en\/wp-json\/wp\/v2\/pages"}],"about":[{"href":"https:\/\/kuansofis.com\/en\/wp-json\/wp\/v2\/types\/page"}],"author":[{"embeddable":true,"href":"https:\/\/kuansofis.com\/en\/wp-json\/wp\/v2\/users\/10"}],"replies":[{"embeddable":true,"href":"https:\/\/kuansofis.com\/en\/wp-json\/wp\/v2\/comments?post=11264"}],"version-history":[{"count":1,"href":"https:\/\/kuansofis.com\/en\/wp-json\/wp\/v2\/pages\/11264\/revisions"}],"predecessor-version":[{"id":137931,"href":"https:\/\/kuansofis.com\/en\/wp-json\/wp\/v2\/pages\/11264\/revisions\/137931"}],"wp:attachment":[{"href":"https:\/\/kuansofis.com\/en\/wp-json\/wp\/v2\/media?parent=11264"}],"curies":[{"name":"wp","href":"https:\/\/api.w.org\/{rel}","templated":true}]}}