{"id":11213,"date":"2025-02-10T13:51:40","date_gmt":"2025-02-10T10:51:40","guid":{"rendered":"https:\/\/kuansofis.com\/?page_id=11213"},"modified":"2025-11-17T17:16:13","modified_gmt":"2025-11-17T14:16:13","slug":"about-us","status":"publish","type":"page","link":"https:\/\/kuansofis.com\/en\/about-us\/","title":{"rendered":"About Us"},"content":{"rendered":"<div data-elementor-type=\"wp-page\" data-elementor-id=\"11213\" class=\"elementor elementor-11213\" data-elementor-post-type=\"page\">\n\t\t\t\t<div class=\"elementor-element elementor-element-eb52d05 e-flex e-con-boxed e-con e-parent\" data-id=\"eb52d05\" data-element_type=\"container\" data-e-type=\"container\">\n\t\t\t\t\t<div class=\"e-con-inner\">\n\t\t\t\t<div class=\"elementor-element elementor-element-c187940 elementor-widget elementor-widget-elementskit-heading\" data-id=\"c187940\" data-element_type=\"widget\" data-e-type=\"widget\" data-widget_type=\"elementskit-heading.default\">\n\t\t\t\t<div class=\"elementor-widget-container\">\n\t\t\t\t\t<div class=\"ekit-wid-con\" ><div class=\"ekit-heading elementskit-section-title-wraper text_left   ekit_heading_tablet-   ekit_heading_mobile-\"><h2 class=\"ekit-heading--title elementskit-section-title\"><span><span>About Kuans Office<\/span><\/span><\/h2><div class=\"ekit_heading_separetor_wraper ekit_heading_elementskit-border-divider elementskit-style-long\"><div class=\"elementskit-border-divider elementskit-style-long\"><\/div><\/div><\/div><\/div>\t\t\t\t<\/div>\n\t\t\t\t<\/div>\n\t\t\t\t\t<\/div>\n\t\t\t\t<\/div>\n\t\t<div class=\"elementor-element elementor-element-0f3791c e-flex e-con-boxed e-con e-parent\" data-id=\"0f3791c\" data-element_type=\"container\" data-e-type=\"container\">\n\t\t\t\t\t<div class=\"e-con-inner\">\n\t\t<div class=\"elementor-element elementor-element-96ef564 e-con-full e-flex e-con e-child\" data-id=\"96ef564\" data-element_type=\"container\" data-e-type=\"container\">\n\t\t\t\t<div class=\"elementor-element elementor-element-5fe7e2d elementor-widget elementor-widget-heading\" data-id=\"5fe7e2d\" data-element_type=\"widget\" data-e-type=\"widget\" data-widget_type=\"heading.default\">\n\t\t\t\t<div class=\"elementor-widget-container\">\n\t\t\t\t\t<h3 class=\"elementor-heading-title elementor-size-default\">Content Pages<\/h3>\t\t\t\t<\/div>\n\t\t\t\t<\/div>\n\t\t\t\t<div class=\"elementor-element elementor-element-beda86f elementor-widget elementor-widget-html\" data-id=\"beda86f\" data-element_type=\"widget\" data-e-type=\"widget\" data-widget_type=\"html.default\">\n\t\t\t\t<div class=\"elementor-widget-container\">\n\t\t\t\t\t<style>\n.list-item{\n    font-family: 'Roboto';\n    font-size: 18px;\n    color: #000;\n    line-height: 36px;\n}\n.activee{\n    color: #0c3b5d;\n    font-weight: bold;\n    border-left: solid 3px #fec33b;\n}\n<\/style>\n\n\n<a href=\"https:\/\/kuansofis.com\/en\/about-us\/\" class=\"list-item activee\">&nbsp;About Kuans Office<\/a><br>\n<a href=\"https:\/\/kuansofis.com\/en\/privacy-policy\/\" class=\"list-item\">&nbsp;Privacy Policy<\/a><br>\n<a href=\"https:\/\/kuansofis.com\/en\/guarantee-conditions\/\" class=\"list-item\">&nbsp;Warranty Conditions<\/a><br>\n<a href=\"https:\/\/kuansofis.com\/en\/delivery-return\/\" class=\"list-item\">&nbsp;Delivery &amp; Returns<\/a><br>\n<a href=\"https:\/\/kuansofis.com\/en\/distance-selling-contract\/\" class=\"list-item\">&nbsp;Distance Selling Contract<\/a><br>\n<a href=\"https:\/\/kuansofis.com\/en\/kvkk-information-notice\/\" class=\"list-item\">&nbsp;KVKK Information Notice<\/a><br>\n<a href=\"https:\/\/kuansofis.com\/en\/cherry-policy\/\" class=\"list-item\">&nbsp;Cookie Policy<\/a><br>\n<a href=\"https:\/\/kuansofis.com\/en\/bank-account-numbers\/\" class=\"list-item\">&nbsp;Bank Account Numbers<\/a>\t\t\t\t<\/div>\n\t\t\t\t<\/div>\n\t\t\t\t<\/div>\n\t\t<div class=\"elementor-element elementor-element-19769f0 e-con-full e-flex e-con e-child\" data-id=\"19769f0\" data-element_type=\"container\" data-e-type=\"container\">\n\t\t\t\t<div class=\"elementor-element elementor-element-56cc046 elementor-widget elementor-widget-text-editor\" data-id=\"56cc046\" data-element_type=\"widget\" data-e-type=\"widget\" data-widget_type=\"text-editor.default\">\n\t\t\t\t<div class=\"elementor-widget-container\">\n\t\t\t\t\t\t\t\t\t<p style=\"font-weight: 400;\"><span style=\"color: #0c3b5d;\">Kuans Office Furniture was established to bring together comfort and efficiency in the modern business world, offering the best solutions for your needs.<\/span><\/p><p style=\"font-weight: 400;\"><span style=\"color: #0c3b5d;\">In the office furniture sector, \u2018quality service and timely delivery\u2019 has been adopted as a principle.<\/span><\/p><p style=\"font-weight: 400;\"><span style=\"color: #0c3b5d;\">Our company provides services to make your workplaces more functional and aesthetically pleasing with a team of expert architects, engineers and interior designers. With our customer-focused approach, we strive to offer the highest quality products in the field of office furniture.<\/span><\/p><p style=\"font-weight: 400;\"><span style=\"color: #0c3b5d;\">Each of our products is manufactured with meticulous craftsmanship, enabling us to produce durable and functional office furniture.<\/span><\/p><p style=\"font-weight: 400;\"><span style=\"color: #0c3b5d;\">Our company provides office furniture, including hundreds of models such as office desks, meeting tables, office chairs, office sofas, filing cabinets, and multi-desks.<\/span><\/p><p style=\"font-weight: 400;\"><span style=\"color: #0c3b5d;\">-You're in the right place for quality products and a comfortable workspace!<\/span><\/p><p style=\"font-weight: 400;\"><span style=\"color: #0c3b5d;\">We are here for you with turnkey projects. We listen to you and plan, design and produce contemporary, modern and dynamic working environments for you, down to the finest detail, according to your needs.<\/span><\/p><p style=\"font-weight: 400;\"><span style=\"color: #0c3b5d;\">-Modern office furniture is with you with Kuans Office.<\/span><\/p><p style=\"font-weight: 400;\"><span style=\"color: #0c3b5d;\">We cater to your requests by working in your desired colour and size. We are here for you with all office furniture options, including custom-made office furniture, executive desks, chairs, counters, bookcases, and multi-workstations.<\/span><\/p><p style=\"font-weight: 400;\"><span style=\"color: #0c3b5d;\">-Quality service and customer satisfaction are our priorities.<\/span><\/p><p style=\"font-weight: 400;\"><span style=\"color: #0c3b5d;\">We are here to provide you with the best shopping experience, offering high-quality products alongside our expert customer service representatives. We are delighted to answer your questions and provide solutions that best meet your expectations.<\/span><\/p><p style=\"font-weight: 400;\"><span style=\"color: #0c3b5d;\">-With free consultation and planning, all that's left is for you to enjoy your office.<\/span><\/p><p style=\"font-weight: 400;\"><span style=\"color: #0c3b5d;\">We explore your office spaces on-site, assess the current situation and produce the most suitable solutions for your needs. We deliver your order as quickly as possible and get your offices ready for use in no time with free delivery and installation.<\/span><\/p><p style=\"font-weight: 400;\"><span style=\"color: #0c3b5d;\">If you are looking for modern, aesthetic and high-quality office furniture, you have come to the right place. You can contact us 24\/7 to make your workplace more stylish and functional, while also maximising comfort. We are ready to provide you with customised solutions!<\/span><\/p>\t\t\t\t\t\t\t\t<\/div>\n\t\t\t\t<\/div>\n\t\t\t\t<\/div>\n\t\t\t\t\t<\/div>\n\t\t\t\t<\/div>\n\t\t\t\t<\/div>","protected":false},"excerpt":{"rendered":"<p>Kuans Ofis Hakk\u0131nda \u0130\u00e7erik Sayfalar\u0131 &nbsp;Kuans Ofis Hakk\u0131nda &nbsp;Gizlilik Politikas\u0131 &nbsp;Garanti Ko\u015fullar\u0131 &nbsp;Teslimat &#038; \u0130ade &nbsp;Mesafeli Sat\u0131\u015f S\u00f6zle\u015fmesi &nbsp;KVKK Ayd\u0131nlatma Metni &nbsp;\u00c7erez Politikas\u0131 &nbsp;Banka Hesap Numaralar\u0131 Kuans Ofis Mobilyalar\u0131 modern i\u015f d\u00fcnyas\u0131nda konforu ve verimlili\u011fi bir araya getirerek ihtiya\u00e7lar\u0131n\u0131za en iyi \u00e7\u00f6z\u00fcmleri sunmak i\u00e7in\u00a0kurulmu\u015ftur. Ofis mobilyalar\u0131 sekt\u00f6r\u00fcnde &#8220;kaliteli hizmet ve zaman\u0131nda teslimat&#8221; anlay\u0131\u015f\u0131n\u0131 ilke\u00a0edilmi\u015ftir. Firmam\u0131z, &hellip; <br \/><a href=\"https:\/\/kuansofis.com\/en\/about-us\/\" class=\"more-link\">Continue reading <span class=\"screen-reader-text\">About Us<\/span><\/a><\/p>","protected":false},"author":10,"featured_media":0,"parent":0,"menu_order":0,"comment_status":"closed","ping_status":"closed","template":"","meta":{"_monsterinsights_skip_tracking":false,"_monsterinsights_sitenote_active":false,"_monsterinsights_sitenote_note":"","_monsterinsights_sitenote_category":0,"footnotes":""},"class_list":["post-11213","page","type-page","status-publish","hentry"],"_links":{"self":[{"href":"https:\/\/kuansofis.com\/en\/wp-json\/wp\/v2\/pages\/11213","targetHints":{"allow":["GET"]}}],"collection":[{"href":"https:\/\/kuansofis.com\/en\/wp-json\/wp\/v2\/pages"}],"about":[{"href":"https:\/\/kuansofis.com\/en\/wp-json\/wp\/v2\/types\/page"}],"author":[{"embeddable":true,"href":"https:\/\/kuansofis.com\/en\/wp-json\/wp\/v2\/users\/10"}],"replies":[{"embeddable":true,"href":"https:\/\/kuansofis.com\/en\/wp-json\/wp\/v2\/comments?post=11213"}],"version-history":[{"count":1,"href":"https:\/\/kuansofis.com\/en\/wp-json\/wp\/v2\/pages\/11213\/revisions"}],"predecessor-version":[{"id":137400,"href":"https:\/\/kuansofis.com\/en\/wp-json\/wp\/v2\/pages\/11213\/revisions\/137400"}],"wp:attachment":[{"href":"https:\/\/kuansofis.com\/en\/wp-json\/wp\/v2\/media?parent=11213"}],"curies":[{"name":"wp","href":"https:\/\/api.w.org\/{rel}","templated":true}]}}